{"id":11,"date":"2018-11-06T06:49:50","date_gmt":"2018-11-06T06:49:50","guid":{"rendered":"http:\/\/www.unpm.mr\/fc\/?page_id=11"},"modified":"2026-01-27T12:32:25","modified_gmt":"2026-01-27T12:32:25","slug":"conditions-dadhesion-2","status":"publish","type":"page","link":"https:\/\/www.unpm.mr\/fc\/conditions-dadhesion-2\/","title":{"rendered":"Conditions d\u2019adh\u00e9sion"},"content":{"rendered":"<table width=\"100%\">\n<tbody>\n<tr>\n<td width=\"100%\"><\/td>\n<\/tr>\n<tr>\n<td>\n<table width=\"100%\">\n<tbody>\n<tr>\n<td>&nbsp;<\/p>\n<p>Est admis au titre de membre \u00e0 part enti\u00e8re, toute personne physique ou morale exer\u00e7ant une activit\u00e9 commerciale, pouvant justifier d\u2019un chiffre d\u2019affaires annuel d\u2019au moins 12 Millions d\u2019Ouguiya et ayant au moins 3 employ\u00e9s r\u00e9guli\u00e8rement d\u00e9clar\u00e9s \u00e0\u00a0la Caisse Nationale\u00a0de S\u00e9curit\u00e9 Sociale.<\/p>\n<p>&nbsp;<\/p>\n<p>Les soci\u00e9t\u00e9s et commer\u00e7ants importateurs o\u00f9 exportateurs agr\u00e9\u00e9s adh\u00e9rents directement \u00e0\u00a0la F\u00e9d\u00e9ration\u00a0dont ils deviennent membres \u00e0 part enti\u00e8re m\u00eame si leurs employ\u00e9s ne sont pas immatricul\u00e9s \u00e0\u00a0la Caisse Nationale\u00a0de S\u00e9curit\u00e9 Sociale.<\/p>\n<p>&nbsp;<\/p>\n<p>Les soci\u00e9t\u00e9s, \u00e9tablissements ou autres activit\u00e9s en \u00e9tat de dissolution, faillite, suspension latente ou d\u00e9clar\u00e9es, ne pourront en aucun cas pr\u00e9tendre \u00e0 une admission en qualit\u00e9 de membre de al F\u00e9d\u00e9ration du Commerce.<\/p>\n<p>&nbsp;<\/p>\n<p>Toutefois les soci\u00e9t\u00e9s, \u00e9tablissements, personnes physiques ou morales exer\u00e7ant une activit\u00e9 commerciale pourront se regrouper en section rattach\u00e9es \u00e0\u00a0la F\u00e9d\u00e9ration\u00a0du Commerce ainsi q\u2019il suit.<\/p>\n<p>&nbsp;<\/p>\n<p>Une section de\u00a0la F\u00e9d\u00e9ration\u00a0du Commerce peut \u00eatre form\u00e9e\u00a0:<\/p>\n<p>&nbsp;<\/p>\n<p><strong>a)\u00a0\u00a0\u00a0\u00a0<\/strong>dans chaque ville, localit\u00e9 ou campement de population o\u00f9 peuvent adh\u00e9rer 21 membres au mois\u00a0;<\/p>\n<p><strong>\u00a0<\/strong><\/p>\n<p>b)\u00a0\u00a0\u00a0\u00a0dans chaque capitale r\u00e9gionale o\u00f9 peuvent adh\u00e9rer 40 membres, au minimum, sous r\u00e9serve du paiement de leurs cotisations annuelles\u00a0;<\/p>\n<p>&nbsp;<\/p>\n<p>c)\u00a0\u00a0\u00a0\u00a0dans le District de Nouakchott une section ne peut \u00eatre cr\u00e9\u00e9e que\u00a0\u00a0pour 60 adh\u00e9rents, au moins\u00a0;<\/p>\n<p>&nbsp;<\/p>\n<p>d)\u00a0\u00a0\u00a0\u00a0deux sections peuvent \u00eatre cr\u00e9\u00e9es dans une m\u00eame Moughat\u00e2a, \u00e0 Nouakchott, par d\u00e9cision du Bureau Ex\u00e9cutif de la f\u00e9d\u00e9ration s\u2019il le juge n\u00e9cessaire. Cette disposition peut \u00eatre appliqu\u00e9e \u00e0 d\u2019autres capitales r\u00e9gionales si un besoin r\u00e9el le justifie, et \u00e0 condition que les motivations n\u2019en soient pas ethniques, tribales ou sectaires.<\/p>\n<p>&nbsp;<\/p>\n<p>&#8211;\u00a0\u00a0\u00a0\u00a0\u00a0\u00a0\u00a0\u00a0\u00a0\u00a0L\u2019adh\u00e9sion \u00e0\u00a0la F\u00e9d\u00e9ration\u00a0du Commerce est en permanence ouverte \u00e0 toute personnes physique ou morale remplissant les conditions \u00e9num\u00e9r\u00e9es tous les statuts.<\/p>\n<p>&nbsp;<\/p>\n<p>&#8211;\u00a0\u00a0\u00a0\u00a0\u00a0\u00a0\u00a0\u00a0\u00a0\u00a0Son admission implique l\u2019adh\u00e9sion pleine et enti\u00e8re aux statuts, au r\u00e8glement int\u00e9rieur de\u00a0la F\u00e9d\u00e9ration\u00a0et aux objectifs qu\u2019elle s\u2019assigne.<\/p>\n<p>&nbsp;<\/p>\n<p>Les demandes d\u2019adh\u00e9sion directe sont pr\u00e9sent\u00e9es au Pr\u00e9sident de\u00a0la F\u00e9d\u00e9ration. L\u2019adh\u00e9sion directe devient effective apr\u00e8s le paiement d\u2019une cotisation annuelle suivant les modalit\u00e9s ainsi fix\u00e9es\u00a0<strong>:<\/strong><\/p>\n<p>&nbsp;<\/p>\n<p><strong>1.\u00a0\u00a0\u00a0\u00a0<\/strong>Les cotisations annuelles sont fix\u00e9es pour les membres qui remplissent les 3 conditions\u00a0:<\/p>\n<p>&nbsp;<\/p>\n<p><strong>a)\u00a0\u00a0\u00a0\u00a0<\/strong>&#8211; Poss\u00e9der une raison sociale\u00a0;<\/p>\n<p>&nbsp;<\/p>\n<p><strong>b)\u00a0\u00a0\u00a0<\/strong>&#8211; Utiliser les services de 3 employ\u00e9s ou ouvriers r\u00e9guli\u00e8rement<\/p>\n<p>d\u00e9clar\u00e9s \u00e0\u00a0la Caisse Nationale\u00a0de S\u00e9curit\u00e9 Sociale\u00a0;<\/p>\n<p><strong>\u00a0<\/strong><\/p>\n<p><strong>c)\u00a0\u00a0\u00a0\u00a0<\/strong>&#8211; R\u00e9aliser un chiffre d\u2019affaires<\/p>\n<p>&nbsp;<\/p>\n<p><strong>ainsi qu\u2019il suit\u00a0:<\/strong>\u00a0100.000 UM et o,10% du chiffre d\u2019affaires r\u00e9alis\u00e9 au cours de l\u2019exercice pr\u00e9c\u00e9dent<\/p>\n<p>&nbsp;<\/p>\n<p>Toutefois, ces taux peuvent \u00eatre modifi\u00e9s chaque fois que cela s\u2019av\u00e8re n\u00e9cessaire, par d\u00e9cision prise d\u2019un commun accord entre le Conseil Sup\u00e9rieur et le Bureau Ex\u00e9cutif de\u00a0la F\u00e9d\u00e9ration.<\/p>\n<p><strong>\u00a0<\/strong><\/p>\n<p><strong>2.\u00a0\u00a0\u00a0\u00a0<\/strong>Pour les membres adh\u00e9rant aux sections, les cotisations annuelles sont fix\u00e9es par Bureau de\u00a0la F\u00e9d\u00e9ration.<\/p>\n<p>&nbsp;<\/p>\n<p>Les cotisations sont exigibles \u00e0 partir du 1<sup>er<\/sup>\u00a0Janvier.<\/td>\n<\/tr>\n<\/tbody>\n<\/table>\n<\/td>\n<\/tr>\n<\/tbody>\n<\/table>\n","protected":false},"excerpt":{"rendered":"<p>&nbsp; Est admis au titre de membre \u00e0 part enti\u00e8re, toute personne physique ou morale exer\u00e7ant une activit\u00e9 commerciale, pouvant justifier d\u2019un chiffre d\u2019affaires annuel d\u2019au moins 12 Millions d\u2019Ouguiya et ayant au moins 3 employ\u00e9s r\u00e9guli\u00e8rement d\u00e9clar\u00e9s \u00e0\u00a0la Caisse Nationale\u00a0de S\u00e9curit\u00e9 Sociale. &nbsp; Les soci\u00e9t\u00e9s et commer\u00e7ants importateurs o\u00f9 exportateurs agr\u00e9\u00e9s adh\u00e9rents directement \u00e0\u00a0la [&hellip;]<\/p>\n","protected":false},"author":1,"featured_media":0,"parent":0,"menu_order":0,"comment_status":"closed","ping_status":"closed","template":"","meta":{"footnotes":""},"class_list":["post-11","page","type-page","status-publish","hentry"],"_links":{"self":[{"href":"https:\/\/www.unpm.mr\/fc\/wp-json\/wp\/v2\/pages\/11","targetHints":{"allow":["GET"]}}],"collection":[{"href":"https:\/\/www.unpm.mr\/fc\/wp-json\/wp\/v2\/pages"}],"about":[{"href":"https:\/\/www.unpm.mr\/fc\/wp-json\/wp\/v2\/types\/page"}],"author":[{"embeddable":true,"href":"https:\/\/www.unpm.mr\/fc\/wp-json\/wp\/v2\/users\/1"}],"replies":[{"embeddable":true,"href":"https:\/\/www.unpm.mr\/fc\/wp-json\/wp\/v2\/comments?post=11"}],"version-history":[{"count":1,"href":"https:\/\/www.unpm.mr\/fc\/wp-json\/wp\/v2\/pages\/11\/revisions"}],"predecessor-version":[{"id":12,"href":"https:\/\/www.unpm.mr\/fc\/wp-json\/wp\/v2\/pages\/11\/revisions\/12"}],"wp:attachment":[{"href":"https:\/\/www.unpm.mr\/fc\/wp-json\/wp\/v2\/media?parent=11"}],"curies":[{"name":"wp","href":"https:\/\/api.w.org\/{rel}","templated":true}]}}