{"id":23,"date":"2018-11-06T06:49:01","date_gmt":"2018-11-06T06:49:01","guid":{"rendered":"http:\/\/www.unpm.mr\/fc\/objectifs\/"},"modified":"2026-01-27T12:32:25","modified_gmt":"2026-01-27T12:32:25","slug":"objectifs","status":"publish","type":"page","link":"https:\/\/www.unpm.mr\/fc\/ar\/objectifs\/","title":{"rendered":"\u0627\u0644\u0623\u0647\u062f\u0627\u0641"},"content":{"rendered":"<table class=\"texted-defillet\" border=\"0\" width=\"100%\" cellspacing=\"0\" cellpadding=\"2\">\n<tbody>\n<tr>\n<td width=\"100%\">\n<p align=\"justify\">\n<\/td>\n<\/tr>\n<tr>\n<td>\n<table class=\"texted-defillet\" border=\"0\" width=\"100%\" align=\"center\">\n<tbody>\n<tr>\n<td>\n<p align=\"justify\">La F\u00e9d\u00e9ration a pour objet l\u2019\u00e9tude, la d\u00e9fense et la repr\u00e9sentation des int\u00e9r\u00eats \u00e9conomiques, industriels, sociaux et commerciaux de ses adh\u00e9rents.<\/p>\n<p align=\"justify\"><strong>Elle s\u2019assigne les objectifs suivants :<\/strong><\/p>\n<p align=\"justify\">&#8211; R\u00e9habilitation du Commer\u00e7ant Mauritanien aux fins de le rehausser au niveau de ses responsabilit\u00e9s et faire de lui un citoyen responsable qui sait d\u00e9fendre ses droits et s\u2019acquitter de ses devoirs;<\/p>\n<p align=\"justify\">\u00a0&#8211; Lib\u00e9ration des initiatives de touts les commer\u00e7ants dans le cadre d\u2019une libre et loyale concurrence susceptible d\u2019impulser leur g\u00e9nie pour r\u00e9colter le maximum de fruits de leurs efforts individuels et collectifs ;<\/p>\n<p align=\"justify\">&#8211;\u00a0\u00a0Participation consciente et responsable dans tout effort de redressement et d\u2019\u00e9panouissement \u00e9conomique de la Mauritanie ;<\/p>\n<p align=\"justify\">&#8211;\u00a0 Collaboration sinc\u00e8re avec toutes les F\u00e9d\u00e9rations Patronales dans le cadre de l\u2019 U.N.P.M.<\/p>\n<p align=\"justify\">&#8211; Etablissement de rapports de coop\u00e9ration franche et d\u00e9sint\u00e9ress\u00e9e avec toutes les organisations syndicales reconnues dans le cadre d\u2019une concertation permanente orient\u00e9e vers l\u2019int\u00e9r\u00eat g\u00e9n\u00e9ral de toute la collectivit\u00e9 nationale.<\/p>\n<p align=\"justify\">En application des principes \u00e9nonc\u00e9s ci-dessus, elle est habilit\u00e9e :<\/p>\n<p align=\"justify\">a)\u00a0\u00a0\u00a0\u00a0 \u00e0 intervenir officiellement, au nom de ses adh\u00e9rents, aupr\u00e8s de l\u2019 Union Nationale du Patronat Mauritanien et des Pouvoirs Publics afin d\u2019exposer et de d\u00e9fendre les requ\u00eates, dol\u00e9ances et suggestions de ceux-ci :<\/p>\n<p align=\"justify\">b)\u00a0\u00a0\u00a0\u00a0 \u00e0 d\u00e9signer ses d\u00e9l\u00e9gu\u00e9s au Congr\u00e8s de l\u2019U.N.P.M.<\/p>\n<p align=\"justify\">La F\u00e9d\u00e9ration du Commerce s\u2019interdit toutes discussions politique, raciale, ethnique ou religieuse sans pr\u00e9judice des libert\u00e9s civiles et politiques de chacun de ses membres pris individuellement.<\/p>\n<p align=\"justify\">La devise de la F\u00e9d\u00e9ration est : \u00ab\u00a0 Loyaut\u00e9 \u2013 Fraternit\u00e9 \u2013 Economie \u00bb et son symbole est \u00ab\u00a0 une balance jaune dans un carr\u00e9 vert \u00bb.<\/p>\n<p align=\"justify\">L\u2019existence de la F\u00e9d\u00e9ration du Commerce durera aussi longtemps que la l\u00e9gislation de la R\u00e9publique Islamique de Mauritanie le permet et que la majorit\u00e9 de ses adh\u00e9rents le souhaitent.<\/p>\n<\/td>\n<\/tr>\n<\/tbody>\n<\/table>\n<\/td>\n<\/tr>\n<\/tbody>\n<\/table>\n","protected":false},"excerpt":{"rendered":"<p>La F\u00e9d\u00e9ration a pour objet l\u2019\u00e9tude, la d\u00e9fense et la repr\u00e9sentation des int\u00e9r\u00eats \u00e9conomiques, industriels, sociaux et commerciaux de ses adh\u00e9rents. Elle s\u2019assigne les objectifs suivants : &#8211; R\u00e9habilitation du Commer\u00e7ant Mauritanien aux fins de le rehausser au niveau de ses responsabilit\u00e9s et faire de lui un citoyen responsable qui sait d\u00e9fendre ses droits et [&hellip;]<\/p>\n","protected":false},"author":1,"featured_media":0,"parent":0,"menu_order":0,"comment_status":"closed","ping_status":"closed","template":"","meta":{"footnotes":""},"class_list":["post-23","page","type-page","status-publish","hentry"],"_links":{"self":[{"href":"https:\/\/www.unpm.mr\/fc\/wp-json\/wp\/v2\/pages\/23","targetHints":{"allow":["GET"]}}],"collection":[{"href":"https:\/\/www.unpm.mr\/fc\/wp-json\/wp\/v2\/pages"}],"about":[{"href":"https:\/\/www.unpm.mr\/fc\/wp-json\/wp\/v2\/types\/page"}],"author":[{"embeddable":true,"href":"https:\/\/www.unpm.mr\/fc\/wp-json\/wp\/v2\/users\/1"}],"replies":[{"embeddable":true,"href":"https:\/\/www.unpm.mr\/fc\/wp-json\/wp\/v2\/comments?post=23"}],"version-history":[{"count":1,"href":"https:\/\/www.unpm.mr\/fc\/wp-json\/wp\/v2\/pages\/23\/revisions"}],"predecessor-version":[{"id":24,"href":"https:\/\/www.unpm.mr\/fc\/wp-json\/wp\/v2\/pages\/23\/revisions\/24"}],"wp:attachment":[{"href":"https:\/\/www.unpm.mr\/fc\/wp-json\/wp\/v2\/media?parent=23"}],"curies":[{"name":"wp","href":"https:\/\/api.w.org\/{rel}","templated":true}]}}