{"id":26,"date":"2018-09-24T20:02:12","date_gmt":"2018-09-24T20:02:12","guid":{"rendered":"http:\/\/www.unpm.mr\/fc\/sample-page\/"},"modified":"2026-01-27T12:32:25","modified_gmt":"2026-01-27T12:32:25","slug":"sample-page","status":"publish","type":"page","link":"https:\/\/www.unpm.mr\/fc\/ar\/","title":{"rendered":"\u062a\u0639\u0631\u064a\u0641 \u0628\u0627\u0644\u0625\u062a\u062d\u0627\u062f\u064a\u0629"},"content":{"rendered":"<p align=\"left\">\n<p>&nbsp;<\/p>\n<div>La F\u00e9d\u00e9ration du Commerce a \u00e9t\u00e9 cr\u00e9\u00e9e le 23 avril 1980, \u00e0 Nouakchott, par les soci\u00e9t\u00e9s et \u00e9tablissement, personnes physiques ou morales exer\u00e7ant une activit\u00e9 commerciale dans les secteurs de :<\/div>\n<div>&#8211;\u00a0\u00a0\u00a0\u00a0\u00a0\u00a0\u00a0\u00a0\u00a0 Commerce G\u00e9n\u00e9ral,<\/div>\n<div>&#8211;\u00a0\u00a0\u00a0\u00a0\u00a0\u00a0\u00a0\u00a0\u00a0 Mat\u00e9riaux de construction,<\/div>\n<div>&#8211;\u00a0\u00a0\u00a0\u00a0\u00a0\u00a0\u00a0\u00a0\u00a0 Textiles,<\/div>\n<div>&#8211;\u00a0\u00a0\u00a0\u00a0\u00a0\u00a0\u00a0\u00a0\u00a0 Mobilier et Electrom\u00e9nager,<\/div>\n<div>&#8211;\u00a0\u00a0\u00a0\u00a0\u00a0\u00a0\u00a0\u00a0\u00a0 Automobiles et pi\u00e8ces d\u00e9tach\u00e9es,<\/div>\n<div>&#8211;\u00a0\u00a0\u00a0\u00a0\u00a0\u00a0\u00a0\u00a0\u00a0 Hydrocarbures,<\/div>\n<div>&#8211;\u00a0\u00a0\u00a0\u00a0\u00a0\u00a0\u00a0\u00a0\u00a0 Alimentation,<\/div>\n<div>&#8211;\u00a0\u00a0\u00a0\u00a0\u00a0\u00a0\u00a0\u00a0\u00a0 Quincaillerie,<\/div>\n<div>&#8211;\u00a0\u00a0\u00a0\u00a0\u00a0\u00a0\u00a0\u00a0\u00a0 Et tout autre secteur commercial, r\u00e9unis en Assembl\u00e9e G\u00e9n\u00e9rale.<\/div>\n<div><\/div>\n<div>Cette F\u00e9d\u00e9ration est r\u00e9gie par les dispositions l\u00e9gales et statutaires ci-apr\u00e8s\u00a0:<\/div>\n<div>&#8211;\u00a0\u00a0\u00a0\u00a0\u00a0\u00a0\u00a0\u00a0\u00a0 Le Code de Commerce institu\u00e9 par la loi n\u00b0 05.2000 du 18 Janvier 2000\u00a0;<\/div>\n<div>&#8211;\u00a0\u00a0\u00a0\u00a0\u00a0\u00a0\u00a0\u00a0\u00a0 Le Code du travail de la R\u00e9publique Islamique de Mauritanie et plus par particuli\u00e8rement<\/div>\n<div>&#8211;\u00a0\u00a0\u00a0\u00a0\u00a0\u00a0\u00a0\u00a0\u00a0 la Loi n\u00b0 017.2004 du 06 juillet\u00a0 2004\u00a0;<\/div>\n<div>&#8211;\u00a0\u00a0\u00a0\u00a0\u00a0\u00a0\u00a0\u00a0\u00a0 La Loi n\u00b0 70.030 23 Janvier 1970\u00a0;<\/div>\n<div>&#8211;\u00a0\u00a0\u00a0\u00a0\u00a0\u00a0\u00a0\u00a0\u00a0 Le Code Civil de la R\u00e9publique Islamique de Mauritanie (titre XIII)\u00a0;<\/div>\n<div>&#8211;\u00a0\u00a0\u00a0\u00a0\u00a0\u00a0\u00a0\u00a0\u00a0 Les statuts de l\u2019Union Nationale du Patronat Mauritanien, dont la F\u00e9d\u00e9ration du Commerce constitue la composante la plus ancienne.<\/div>\n<div><\/div>\n<div>Le Si\u00e8ge de la F\u00e9d\u00e9ration du Commerce est \u00e9tabli \u00e0 Nouakchott. Il peut \u00eatre transf\u00e9r\u00e9 en tout autre endroit du territoire national par simple d\u00e9cision de l\u2019Assembl\u00e9e G\u00e9n\u00e9rale de la F\u00e9d\u00e9ration.<\/div>\n<div><\/div>\n<div>\n<div><span lang=\"FR\"><span style=\"font-family: Arial;\">Elle a une repr\u00e9sentation partout o\u00f9 ses int\u00e9r\u00eats l\u2019exigent.<\/span><\/span><\/div>\n<div><\/div>\n<\/div>\n<div>L\u2019Adresse de la F\u00e9d\u00e9ration du Commerce est la suivante\u00a0:<\/div>\n<div><\/div>\n<div><b>T\u00e9l.\u00a0:\u00a0\u00a0\u00a0(00\u00a0222) 529 67 53<\/b><\/div>\n<div><b>\u00a0\u00a0\u00a0\u00a0\u00a0\u00a0\u00a0\u00a0\u00a0\u00a0\u00a0 (00\u00a0222) 524 02 55<\/b><\/div>\n<div><b>Fax\u00a0:\u00a0\u00a0\u00a0 (00\u00a0222) 529 28 00<\/b><\/div>\n<div><b>BP\u00a0 :\u00a0\u00a0\u00a0\u00a0 383 Nouakchott ( Mauritanie)<\/b><\/div>\n<div><b>E.Mail\u00a0:\u00a0<a href=\"mailto:sgfc@unpm.mr\">sgfc@unpm.mr<\/a><\/b><b>\u00a0<\/b><\/div>\n<div><b>\u00a0\u00a0\u00a0\u00a0\u00a0\u00a0\u00a0\u00a0\u00a0\u00a0\u00a0\u00a0\u00a0\u00a0\u00a0<a href=\"mailto:lafdalawedoud@hotmail.fr\">lafdalawedoud@hotmail.fr<\/a>\u00a0<\/b><\/div>\n","protected":false},"excerpt":{"rendered":"<p>&nbsp; La F\u00e9d\u00e9ration du Commerce a \u00e9t\u00e9 cr\u00e9\u00e9e le 23 avril 1980, \u00e0 Nouakchott, par les soci\u00e9t\u00e9s et \u00e9tablissement, personnes physiques ou morales exer\u00e7ant une activit\u00e9 commerciale dans les secteurs de : &#8211;\u00a0\u00a0\u00a0\u00a0\u00a0\u00a0\u00a0\u00a0\u00a0 Commerce G\u00e9n\u00e9ral, &#8211;\u00a0\u00a0\u00a0\u00a0\u00a0\u00a0\u00a0\u00a0\u00a0 Mat\u00e9riaux de construction, &#8211;\u00a0\u00a0\u00a0\u00a0\u00a0\u00a0\u00a0\u00a0\u00a0 Textiles, &#8211;\u00a0\u00a0\u00a0\u00a0\u00a0\u00a0\u00a0\u00a0\u00a0 Mobilier et Electrom\u00e9nager, &#8211;\u00a0\u00a0\u00a0\u00a0\u00a0\u00a0\u00a0\u00a0\u00a0 Automobiles et pi\u00e8ces d\u00e9tach\u00e9es, &#8211;\u00a0\u00a0\u00a0\u00a0\u00a0\u00a0\u00a0\u00a0\u00a0 Hydrocarbures, &#8211;\u00a0\u00a0\u00a0\u00a0\u00a0\u00a0\u00a0\u00a0\u00a0 Alimentation, &#8211;\u00a0\u00a0\u00a0\u00a0\u00a0\u00a0\u00a0\u00a0\u00a0 [&hellip;]<\/p>\n","protected":false},"author":1,"featured_media":0,"parent":0,"menu_order":0,"comment_status":"closed","ping_status":"open","template":"","meta":{"footnotes":""},"class_list":["post-26","page","type-page","status-publish","hentry"],"_links":{"self":[{"href":"https:\/\/www.unpm.mr\/fc\/wp-json\/wp\/v2\/pages\/26","targetHints":{"allow":["GET"]}}],"collection":[{"href":"https:\/\/www.unpm.mr\/fc\/wp-json\/wp\/v2\/pages"}],"about":[{"href":"https:\/\/www.unpm.mr\/fc\/wp-json\/wp\/v2\/types\/page"}],"author":[{"embeddable":true,"href":"https:\/\/www.unpm.mr\/fc\/wp-json\/wp\/v2\/users\/1"}],"replies":[{"embeddable":true,"href":"https:\/\/www.unpm.mr\/fc\/wp-json\/wp\/v2\/comments?post=26"}],"version-history":[{"count":1,"href":"https:\/\/www.unpm.mr\/fc\/wp-json\/wp\/v2\/pages\/26\/revisions"}],"predecessor-version":[{"id":27,"href":"https:\/\/www.unpm.mr\/fc\/wp-json\/wp\/v2\/pages\/26\/revisions\/27"}],"wp:attachment":[{"href":"https:\/\/www.unpm.mr\/fc\/wp-json\/wp\/v2\/media?parent=26"}],"curies":[{"name":"wp","href":"https:\/\/api.w.org\/{rel}","templated":true}]}}