{"id":8,"date":"2018-09-24T20:01:22","date_gmt":"2018-09-24T20:01:22","guid":{"rendered":"http:\/\/www.unpm.mr\/fif\/sample-page\/"},"modified":"2026-01-27T12:31:02","modified_gmt":"2026-01-27T12:31:02","slug":"sample-page","status":"publish","type":"page","link":"https:\/\/www.unpm.mr\/fif\/ar\/","title":{"rendered":"\u062a\u0639\u0631\u064a\u0641 \u0628\u0627\u0644\u0625\u062a\u062d\u0627\u062f\u064a\u0629"},"content":{"rendered":"<p align=\"right\"><span class=\"Recherche\">F\u00e9d\u00e9ration des Institutions Financi\u00e8res<\/span><\/p>\n<div><\/div>\n","protected":false},"excerpt":{"rendered":"<p>F\u00e9d\u00e9ration des Institutions Financi\u00e8res<\/p>\n","protected":false},"author":1,"featured_media":0,"parent":0,"menu_order":0,"comment_status":"closed","ping_status":"open","template":"","meta":{"footnotes":""},"class_list":["post-8","page","type-page","status-publish","hentry"],"_links":{"self":[{"href":"https:\/\/www.unpm.mr\/fif\/wp-json\/wp\/v2\/pages\/8","targetHints":{"allow":["GET"]}}],"collection":[{"href":"https:\/\/www.unpm.mr\/fif\/wp-json\/wp\/v2\/pages"}],"about":[{"href":"https:\/\/www.unpm.mr\/fif\/wp-json\/wp\/v2\/types\/page"}],"author":[{"embeddable":true,"href":"https:\/\/www.unpm.mr\/fif\/wp-json\/wp\/v2\/users\/1"}],"replies":[{"embeddable":true,"href":"https:\/\/www.unpm.mr\/fif\/wp-json\/wp\/v2\/comments?post=8"}],"version-history":[{"count":1,"href":"https:\/\/www.unpm.mr\/fif\/wp-json\/wp\/v2\/pages\/8\/revisions"}],"predecessor-version":[{"id":9,"href":"https:\/\/www.unpm.mr\/fif\/wp-json\/wp\/v2\/pages\/8\/revisions\/9"}],"wp:attachment":[{"href":"https:\/\/www.unpm.mr\/fif\/wp-json\/wp\/v2\/media?parent=8"}],"curies":[{"name":"wp","href":"https:\/\/api.w.org\/{rel}","templated":true}]}}