{"id":40,"date":"2018-11-06T07:23:06","date_gmt":"2018-11-06T07:23:06","guid":{"rendered":"http:\/\/www.unpm.mr\/fim\/?page_id=40"},"modified":"2026-01-27T12:32:07","modified_gmt":"2026-01-27T12:32:07","slug":"presentation-2","status":"publish","type":"page","link":"https:\/\/www.unpm.mr\/fim\/","title":{"rendered":"Pr\u00e9sentation"},"content":{"rendered":"<table class=\"texted-defillet\" border=\"0\" width=\"100%\" cellspacing=\"0\" cellpadding=\"2\">\n<tbody>\n<tr>\n<td width=\"100%\">\n<p align=\"justify\">\n<\/td>\n<\/tr>\n<tr>\n<td>\n<table class=\"texted-defillet\" border=\"0\" width=\"100%\" align=\"center\">\n<tbody>\n<tr>\n<td>\n<div align=\"justify\">La F\u00e9d\u00e9ration des Industries et des Mines (<b>FIM<\/b>) est une association professionnelle affili\u00e9e \u00e0 l\u2019<b>UNPM<\/b>\u00a0et regroupant les entreprises des secteurs d\u2019activit\u00e9s \u00e9conomiques industriel, minier et p\u00e9trolier.<\/div>\n<div align=\"justify\">La F\u00e9d\u00e9ration est un syndicat patronal sectoriel.<\/div>\n<p align=\"justify\">\u00a0\u00a0\u00a0\u00a0Email:\u00a0<a href=\"mailto:sgfim@unpm.mr\">sgfim@unpm.mr<\/a><br \/>\n<a href=\"mailto:fim@mauritel.mr\">fim@mauritel.mr<\/a><\/p>\n<\/td>\n<\/tr>\n<\/tbody>\n<\/table>\n<\/td>\n<\/tr>\n<\/tbody>\n<\/table>\n","protected":false},"excerpt":{"rendered":"<p>La F\u00e9d\u00e9ration des Industries et des Mines (FIM) est une association professionnelle affili\u00e9e \u00e0 l\u2019UNPM\u00a0et regroupant les entreprises des secteurs d\u2019activit\u00e9s \u00e9conomiques industriel, minier et p\u00e9trolier. La F\u00e9d\u00e9ration est un syndicat patronal sectoriel. \u00a0\u00a0\u00a0\u00a0Email:\u00a0sgfim@unpm.mr fim@mauritel.mr<\/p>\n","protected":false},"author":1,"featured_media":0,"parent":0,"menu_order":0,"comment_status":"closed","ping_status":"closed","template":"","meta":{"footnotes":""},"class_list":["post-40","page","type-page","status-publish","hentry"],"_links":{"self":[{"href":"https:\/\/www.unpm.mr\/fim\/wp-json\/wp\/v2\/pages\/40","targetHints":{"allow":["GET"]}}],"collection":[{"href":"https:\/\/www.unpm.mr\/fim\/wp-json\/wp\/v2\/pages"}],"about":[{"href":"https:\/\/www.unpm.mr\/fim\/wp-json\/wp\/v2\/types\/page"}],"author":[{"embeddable":true,"href":"https:\/\/www.unpm.mr\/fim\/wp-json\/wp\/v2\/users\/1"}],"replies":[{"embeddable":true,"href":"https:\/\/www.unpm.mr\/fim\/wp-json\/wp\/v2\/comments?post=40"}],"version-history":[{"count":2,"href":"https:\/\/www.unpm.mr\/fim\/wp-json\/wp\/v2\/pages\/40\/revisions"}],"predecessor-version":[{"id":71,"href":"https:\/\/www.unpm.mr\/fim\/wp-json\/wp\/v2\/pages\/40\/revisions\/71"}],"wp:attachment":[{"href":"https:\/\/www.unpm.mr\/fim\/wp-json\/wp\/v2\/media?parent=40"}],"curies":[{"name":"wp","href":"https:\/\/api.w.org\/{rel}","templated":true}]}}