{"id":55,"date":"2018-11-06T07:21:42","date_gmt":"2018-11-06T07:21:42","guid":{"rendered":"http:\/\/www.unpm.mr\/fim\/activites-de-la-federation\/"},"modified":"2026-01-27T12:32:07","modified_gmt":"2026-01-27T12:32:07","slug":"activites-de-la-federation","status":"publish","type":"page","link":"https:\/\/www.unpm.mr\/fim\/ar\/activites-de-la-federation\/","title":{"rendered":"\u0646\u0634\u0627\u0637\u0627\u062a \u0627\u0644\u0625\u062a\u062d\u0627\u062f\u064a\u0629"},"content":{"rendered":"<table class=\"texted-defillet\" border=\"0\" width=\"100%\" cellspacing=\"0\" cellpadding=\"2\">\n<tbody>\n<tr>\n<td width=\"100%\"><\/td>\n<\/tr>\n<tr>\n<td>\n<table class=\"texted-defillet\" border=\"0\" width=\"100%\" align=\"center\">\n<tbody>\n<tr>\n<td>\n<div align=\"justify\">La\u00a0<b>FIM<\/b>\u00a0est l\u2019interface incontournable de ses membres avec les Administrations concern\u00e9es (douanes, imp\u00f4ts, formation professionnelle, Travail, environnement) et les partenaires au d\u00e9veloppement.<\/div>\n<div align=\"justify\">Elle prend \u00e0 c\u0153ur les soucis des dits membres.<\/div>\n<div align=\"justify\"><b>\u00a0\u00a0\u00a0<\/b><b>.<\/b><b>\u00a0<\/b>Elle saisit par \u00e9crit les Administrations concern\u00e9es par un probl\u00e8me pos\u00e9 par un ou plusieurs membres.<\/div>\n<div align=\"justify\"><b>\u00a0\u00a0\u00a0<\/b><b>.\u00a0<\/b>Elle entreprend des actions de lobbying<\/div>\n<div align=\"justify\"><b>\u00a0 .\u00a0<\/b>Elle initie pour le compte de ses membres des actions de formation<\/div>\n<div align=\"justify\"><b>\u00a0 .\u00a0<\/b>Elle informe et sensibilise ses membres<\/div>\n<div align=\"justify\"><b>\u00a0 .\u00a0<\/b>Elle collecte les donn\u00e9es statistiques sur les secteurs industriel, minier et p\u00e9trolier<\/div>\n<div align=\"justify\"><b>\u00a0 .\u00a0<\/b>Elle organise des foires et participe aux foires et aux colloques internationaux pertinents.<\/div>\n<\/td>\n<\/tr>\n<\/tbody>\n<\/table>\n<\/td>\n<\/tr>\n<\/tbody>\n<\/table>\n","protected":false},"excerpt":{"rendered":"<p>La\u00a0FIM\u00a0est l\u2019interface incontournable de ses membres avec les Administrations concern\u00e9es (douanes, imp\u00f4ts, formation professionnelle, Travail, environnement) et les partenaires au d\u00e9veloppement. Elle prend \u00e0 c\u0153ur les soucis des dits membres. \u00a0\u00a0\u00a0.\u00a0Elle saisit par \u00e9crit les Administrations concern\u00e9es par un probl\u00e8me pos\u00e9 par un ou plusieurs membres. \u00a0\u00a0\u00a0.\u00a0Elle entreprend des actions de lobbying \u00a0 .\u00a0Elle initie [&hellip;]<\/p>\n","protected":false},"author":1,"featured_media":0,"parent":0,"menu_order":0,"comment_status":"closed","ping_status":"closed","template":"","meta":{"footnotes":""},"class_list":["post-55","page","type-page","status-publish","hentry"],"_links":{"self":[{"href":"https:\/\/www.unpm.mr\/fim\/wp-json\/wp\/v2\/pages\/55","targetHints":{"allow":["GET"]}}],"collection":[{"href":"https:\/\/www.unpm.mr\/fim\/wp-json\/wp\/v2\/pages"}],"about":[{"href":"https:\/\/www.unpm.mr\/fim\/wp-json\/wp\/v2\/types\/page"}],"author":[{"embeddable":true,"href":"https:\/\/www.unpm.mr\/fim\/wp-json\/wp\/v2\/users\/1"}],"replies":[{"embeddable":true,"href":"https:\/\/www.unpm.mr\/fim\/wp-json\/wp\/v2\/comments?post=55"}],"version-history":[{"count":1,"href":"https:\/\/www.unpm.mr\/fim\/wp-json\/wp\/v2\/pages\/55\/revisions"}],"predecessor-version":[{"id":56,"href":"https:\/\/www.unpm.mr\/fim\/wp-json\/wp\/v2\/pages\/55\/revisions\/56"}],"wp:attachment":[{"href":"https:\/\/www.unpm.mr\/fim\/wp-json\/wp\/v2\/media?parent=55"}],"curies":[{"name":"wp","href":"https:\/\/api.w.org\/{rel}","templated":true}]}}