{"id":64,"date":"2018-11-06T07:21:06","date_gmt":"2018-11-06T07:21:06","guid":{"rendered":"http:\/\/www.unpm.mr\/fim\/news\/"},"modified":"2026-01-27T12:32:07","modified_gmt":"2026-01-27T12:32:07","slug":"news","status":"publish","type":"page","link":"https:\/\/www.unpm.mr\/fim\/ar\/news\/","title":{"rendered":"\u0627\u0644\u0623\u062e\u0628\u0627\u0631"},"content":{"rendered":"<table class=\"texted-defillet\" dir=\"ltl\" border=\"0\" width=\"95%\" cellspacing=\"0\" cellpadding=\"0\" align=\"center\">\n<tbody>\n<tr>\n<td width=\"100%\">\n<div align=\"center\">\n<p>&nbsp;<\/p>\n<table class=\"texted-defillet\" border=\"0\" width=\"100%\" cellspacing=\"1\" cellpadding=\"0\">\n<tbody>\n<tr>\n<td><\/td>\n<\/tr>\n<tr>\n<td>\n<table class=\"texted-defillet\" border=\"0\" width=\"100%\" cellspacing=\"0\" cellpadding=\"2\">\n<tbody>\n<tr>\n<td width=\"100%\">\n<p align=\"justify\">\n<\/td>\n<\/tr>\n<tr>\n<td>\n<table class=\"texted-defillet\" border=\"0\" width=\"100%\" align=\"center\">\n<tbody>\n<tr>\n<td>\n<div align=\"justify\"><b>\u00a0\u00a0\u00a0\u00a0\u00a0<\/b>La\u00a0<b>FIM<\/b>\u00a0\u00e9dite, en langue fran\u00e7aise, un bulletin mensuel \u00ab\u00a0<b>Trait-d\u2019Union<\/b>\u00a0\u00bb.<\/div>\n<div align=\"justify\">Elle organise \u00e9galement des foires nationales d\u00e9localis\u00e9es, \u00e0 tour de r\u00f4le, dans les capitales r\u00e9gionales et des s\u00e9minaires de formation au profit de ses membres.<\/div>\n<div align=\"justify\"><\/div>\n<div align=\"justify\">Le Bureau de la\u00a0<b>FIM<\/b>\u00a0se r\u00e9unit une fois par mois pour d\u00e9battre des probl\u00e8mes des secteurs et leur trouver des solutions idoines.<\/div>\n<div align=\"justify\"><\/div>\n<div align=\"justify\">\u00a0\u00a0\u00a0\u00a0 La\u00a0<b>F\u00e9d\u00e9ration des Industries et des Mines<\/b>, \u00e0 travers ses membres et son secr\u00e9tariat g\u00e9n\u00e9ral, participe \u00e0 l\u2019ensemble des<\/div>\n<div align=\"justify\">\u00a0\u00a0 \u00a0\u00a0manifestations nationales et internationales qui int\u00e9ressent les secteurs industriels, miniers et p\u00e9troliers.<\/div>\n<\/td>\n<\/tr>\n<\/tbody>\n<\/table>\n<\/td>\n<\/tr>\n<\/tbody>\n<\/table>\n<\/td>\n<\/tr>\n<\/tbody>\n<\/table>\n<p>&nbsp;<\/p>\n<\/div>\n<\/td>\n<\/tr>\n<\/tbody>\n<\/table>\n","protected":false},"excerpt":{"rendered":"<p>&nbsp; \u00a0\u00a0\u00a0\u00a0\u00a0La\u00a0FIM\u00a0\u00e9dite, en langue fran\u00e7aise, un bulletin mensuel \u00ab\u00a0Trait-d\u2019Union\u00a0\u00bb. Elle organise \u00e9galement des foires nationales d\u00e9localis\u00e9es, \u00e0 tour de r\u00f4le, dans les capitales r\u00e9gionales et des s\u00e9minaires de formation au profit de ses membres. Le Bureau de la\u00a0FIM\u00a0se r\u00e9unit une fois par mois pour d\u00e9battre des probl\u00e8mes des secteurs et leur trouver des solutions idoines. [&hellip;]<\/p>\n","protected":false},"author":1,"featured_media":0,"parent":0,"menu_order":0,"comment_status":"closed","ping_status":"closed","template":"","meta":{"footnotes":""},"class_list":["post-64","page","type-page","status-publish","hentry"],"_links":{"self":[{"href":"https:\/\/www.unpm.mr\/fim\/wp-json\/wp\/v2\/pages\/64","targetHints":{"allow":["GET"]}}],"collection":[{"href":"https:\/\/www.unpm.mr\/fim\/wp-json\/wp\/v2\/pages"}],"about":[{"href":"https:\/\/www.unpm.mr\/fim\/wp-json\/wp\/v2\/types\/page"}],"author":[{"embeddable":true,"href":"https:\/\/www.unpm.mr\/fim\/wp-json\/wp\/v2\/users\/1"}],"replies":[{"embeddable":true,"href":"https:\/\/www.unpm.mr\/fim\/wp-json\/wp\/v2\/comments?post=64"}],"version-history":[{"count":1,"href":"https:\/\/www.unpm.mr\/fim\/wp-json\/wp\/v2\/pages\/64\/revisions"}],"predecessor-version":[{"id":65,"href":"https:\/\/www.unpm.mr\/fim\/wp-json\/wp\/v2\/pages\/64\/revisions\/65"}],"wp:attachment":[{"href":"https:\/\/www.unpm.mr\/fim\/wp-json\/wp\/v2\/media?parent=64"}],"curies":[{"name":"wp","href":"https:\/\/api.w.org\/{rel}","templated":true}]}}