{"id":67,"date":"2018-11-06T07:22:48","date_gmt":"2018-11-06T07:22:48","guid":{"rendered":"http:\/\/www.unpm.mr\/fim\/organes\/"},"modified":"2026-01-27T12:32:07","modified_gmt":"2026-01-27T12:32:07","slug":"organes","status":"publish","type":"page","link":"https:\/\/www.unpm.mr\/fim\/ar\/organes\/","title":{"rendered":"\u0627\u0644\u0647\u064a\u0643\u0644 \u0627\u0644\u062a\u0646\u0638\u064a\u0645\u064a"},"content":{"rendered":"<table class=\"texted-defillet\" dir=\"ltl\" border=\"0\" width=\"95%\" cellspacing=\"0\" cellpadding=\"0\" align=\"center\">\n<tbody>\n<tr>\n<td width=\"100%\">\n<div align=\"center\">\n<p>&nbsp;<\/p>\n<table class=\"texted-defillet\" border=\"0\" width=\"100%\" cellspacing=\"1\" cellpadding=\"0\">\n<tbody>\n<tr>\n<td><\/td>\n<\/tr>\n<tr>\n<td>\n<table class=\"texted-defillet\" border=\"0\" width=\"100%\" cellspacing=\"0\" cellpadding=\"2\">\n<tbody>\n<tr>\n<td width=\"100%\">\n<p align=\"justify\">\n<\/td>\n<\/tr>\n<tr>\n<td>\n<table class=\"texted-defillet\" border=\"0\" width=\"100%\" align=\"center\">\n<tbody>\n<tr>\n<td>\n<div align=\"justify\">Les organes de la F\u00e9d\u00e9ration sont\u00a0:<\/div>\n<div align=\"justify\"><strong>&#8211;\u00a0\u00a0\u00a0\u00a0\u00a0\u00a0\u00a0\u00a0 l\u2019Assembl\u00e9e G\u00e9n\u00e9rale\u00a0;<\/strong><\/div>\n<div align=\"justify\"><strong>&#8211;\u00a0\u00a0\u00a0\u00a0\u00a0\u00a0\u00a0\u00a0 le Bureau ex\u00e9cutif\u00a0;<\/strong><\/div>\n<div align=\"justify\"><strong>&#8211;\u00a0\u00a0\u00a0\u00a0\u00a0\u00a0\u00a0\u00a0 le Comit\u00e9 de Direction\u00a0;<\/strong><\/div>\n<div align=\"justify\"><strong>&#8211;\u00a0\u00a0\u00a0\u00a0\u00a0\u00a0\u00a0\u00a0 le Secr\u00e9tariat G\u00e9n\u00e9ral.<\/strong><\/div>\n<\/td>\n<\/tr>\n<\/tbody>\n<\/table>\n<\/td>\n<\/tr>\n<\/tbody>\n<\/table>\n<\/td>\n<\/tr>\n<\/tbody>\n<\/table>\n<p>&nbsp;<\/p>\n<\/div>\n<\/td>\n<\/tr>\n<\/tbody>\n<\/table>\n","protected":false},"excerpt":{"rendered":"<p>&nbsp; Les organes de la F\u00e9d\u00e9ration sont\u00a0: &#8211;\u00a0\u00a0\u00a0\u00a0\u00a0\u00a0\u00a0\u00a0 l\u2019Assembl\u00e9e G\u00e9n\u00e9rale\u00a0; &#8211;\u00a0\u00a0\u00a0\u00a0\u00a0\u00a0\u00a0\u00a0 le Bureau ex\u00e9cutif\u00a0; &#8211;\u00a0\u00a0\u00a0\u00a0\u00a0\u00a0\u00a0\u00a0 le Comit\u00e9 de Direction\u00a0; &#8211;\u00a0\u00a0\u00a0\u00a0\u00a0\u00a0\u00a0\u00a0 le Secr\u00e9tariat G\u00e9n\u00e9ral. &nbsp;<\/p>\n","protected":false},"author":1,"featured_media":0,"parent":0,"menu_order":0,"comment_status":"closed","ping_status":"closed","template":"","meta":{"footnotes":""},"class_list":["post-67","page","type-page","status-publish","hentry"],"_links":{"self":[{"href":"https:\/\/www.unpm.mr\/fim\/wp-json\/wp\/v2\/pages\/67","targetHints":{"allow":["GET"]}}],"collection":[{"href":"https:\/\/www.unpm.mr\/fim\/wp-json\/wp\/v2\/pages"}],"about":[{"href":"https:\/\/www.unpm.mr\/fim\/wp-json\/wp\/v2\/types\/page"}],"author":[{"embeddable":true,"href":"https:\/\/www.unpm.mr\/fim\/wp-json\/wp\/v2\/users\/1"}],"replies":[{"embeddable":true,"href":"https:\/\/www.unpm.mr\/fim\/wp-json\/wp\/v2\/comments?post=67"}],"version-history":[{"count":1,"href":"https:\/\/www.unpm.mr\/fim\/wp-json\/wp\/v2\/pages\/67\/revisions"}],"predecessor-version":[{"id":68,"href":"https:\/\/www.unpm.mr\/fim\/wp-json\/wp\/v2\/pages\/67\/revisions\/68"}],"wp:attachment":[{"href":"https:\/\/www.unpm.mr\/fim\/wp-json\/wp\/v2\/media?parent=67"}],"curies":[{"name":"wp","href":"https:\/\/api.w.org\/{rel}","templated":true}]}}