{"id":69,"date":"2018-11-06T07:21:26","date_gmt":"2018-11-06T07:21:26","guid":{"rendered":"http:\/\/www.unpm.mr\/fim\/partenaires-de-la-federation\/"},"modified":"2026-01-27T12:32:07","modified_gmt":"2026-01-27T12:32:07","slug":"partenaires-de-la-federation","status":"publish","type":"page","link":"https:\/\/www.unpm.mr\/fim\/ar\/partenaires-de-la-federation\/","title":{"rendered":"\u0627\u0644\u0634\u0631\u0643\u0627\u0621"},"content":{"rendered":"<table class=\"texted-defillet\" border=\"0\" width=\"100%\" cellspacing=\"0\" cellpadding=\"2\">\n<tbody>\n<tr>\n<td width=\"100%\">\n<p align=\"justify\">\n<\/td>\n<\/tr>\n<tr>\n<td>\n<table class=\"texted-defillet\" border=\"0\" width=\"100%\" align=\"center\">\n<tbody>\n<tr>\n<td>Les partenaires publics de la\u00a0<b>FIM<\/b>\u00a0sont\u00a0:<\/p>\n<ul dir=\"ltr\">\n<li style=\"list-style-type: none;\">\n<ul>\n<li>&#8211;\u00a0\u00a0\u00a0\u00a0\u00a0\u00a0\u00a0\u00a0<strong>\u00a0Le Minist\u00e8re de l\u2019Industrie et des Mines<\/strong><\/li>\n<li><strong>&#8211;\u00a0\u00a0\u00a0\u00a0\u00a0\u00a0\u00a0\u00a0 La D\u00e9l\u00e9gation G\u00e9n\u00e9rale \u00e0 l\u2019Investissement Priv\u00e9<\/strong><\/li>\n<li><strong>&#8211;\u00a0\u00a0\u00a0\u00a0\u00a0\u00a0\u00a0\u00a0 Le Minist\u00e8re des Finances<\/strong><\/li>\n<li><strong>&#8211;\u00a0\u00a0\u00a0\u00a0\u00a0\u00a0\u00a0\u00a0 Le Minist\u00e8re des Affaires Economique et du d\u00e9veloppement<\/strong><\/li>\n<li><strong>&#8211;\u00a0\u00a0\u00a0\u00a0\u00a0\u00a0\u00a0\u00a0 Le Minist\u00e8re de l\u2019Agriculture et de l\u2019Elevage<\/strong><\/li>\n<li><strong>&#8211;\u00a0\u00a0\u00a0\u00a0\u00a0\u00a0\u00a0\u00a0 Le Minist\u00e8re de l\u2019Energie et du P\u00e9trole<\/strong><\/li>\n<li><strong>&#8211;\u00a0\u00a0\u00a0\u00a0\u00a0\u00a0\u00a0\u00a0 Le Minist\u00e8re de l\u2019Education Nationale<\/strong><\/li>\n<li><strong>&#8211;\u00a0\u00a0\u00a0\u00a0\u00a0\u00a0\u00a0\u00a0 Le Minist\u00e8re de l\u2019Emploi et de la Formation Professionnelle<\/strong><\/li>\n<li><\/li>\n<li><strong>Les partenaires ext\u00e9rieurs de la FIM sont\u00a0:<\/strong><\/li>\n<li><strong>&#8211;\u00a0\u00a0\u00a0\u00a0\u00a0\u00a0\u00a0\u00a0 L\u2019ONUDI<\/strong><\/li>\n<li><strong>&#8211;\u00a0\u00a0\u00a0\u00a0\u00a0\u00a0\u00a0\u00a0 Le PNUD<\/strong><\/li>\n<li><strong>&#8211;\u00a0\u00a0\u00a0\u00a0\u00a0\u00a0\u00a0\u00a0 Le BIT<\/strong><\/li>\n<li><strong>&#8211;\u00a0\u00a0\u00a0\u00a0\u00a0\u00a0\u00a0\u00a0 L\u2019AFD<\/strong><\/li>\n<li><strong>&#8211;\u00a0\u00a0\u00a0\u00a0\u00a0\u00a0\u00a0\u00a0 L\u2019OADIM<\/strong><\/li>\n<li><strong>&#8211;\u00a0\u00a0\u00a0\u00a0\u00a0\u00a0\u00a0\u00a0 L\u2019UE<\/strong><\/li>\n<li><strong>&#8211;\u00a0\u00a0\u00a0\u00a0\u00a0\u00a0\u00a0\u00a0 L\u2019IPAD<\/strong><\/li>\n<li><strong>&#8211;\u00a0\u00a0\u00a0\u00a0\u00a0\u00a0\u00a0\u00a0 La Chambre de Commerce de Rouen<\/strong><\/li>\n<li><strong>&#8211;\u00a0\u00a0\u00a0\u00a0\u00a0\u00a0\u00a0\u00a0 ACP Business Climate<\/strong><\/li>\n<\/ul>\n<\/li>\n<\/ul>\n<\/td>\n<\/tr>\n<\/tbody>\n<\/table>\n<\/td>\n<\/tr>\n<\/tbody>\n<\/table>\n","protected":false},"excerpt":{"rendered":"<p>Les partenaires publics de la\u00a0FIM\u00a0sont\u00a0: &#8211;\u00a0\u00a0\u00a0\u00a0\u00a0\u00a0\u00a0\u00a0\u00a0Le Minist\u00e8re de l\u2019Industrie et des Mines &#8211;\u00a0\u00a0\u00a0\u00a0\u00a0\u00a0\u00a0\u00a0 La D\u00e9l\u00e9gation G\u00e9n\u00e9rale \u00e0 l\u2019Investissement Priv\u00e9 &#8211;\u00a0\u00a0\u00a0\u00a0\u00a0\u00a0\u00a0\u00a0 Le Minist\u00e8re des Finances &#8211;\u00a0\u00a0\u00a0\u00a0\u00a0\u00a0\u00a0\u00a0 Le Minist\u00e8re des Affaires Economique et du d\u00e9veloppement &#8211;\u00a0\u00a0\u00a0\u00a0\u00a0\u00a0\u00a0\u00a0 Le Minist\u00e8re de l\u2019Agriculture et de l\u2019Elevage &#8211;\u00a0\u00a0\u00a0\u00a0\u00a0\u00a0\u00a0\u00a0 Le Minist\u00e8re de l\u2019Energie et du P\u00e9trole &#8211;\u00a0\u00a0\u00a0\u00a0\u00a0\u00a0\u00a0\u00a0 Le Minist\u00e8re de l\u2019Education Nationale [&hellip;]<\/p>\n","protected":false},"author":1,"featured_media":0,"parent":0,"menu_order":0,"comment_status":"closed","ping_status":"closed","template":"","meta":{"footnotes":""},"class_list":["post-69","page","type-page","status-publish","hentry"],"_links":{"self":[{"href":"https:\/\/www.unpm.mr\/fim\/wp-json\/wp\/v2\/pages\/69","targetHints":{"allow":["GET"]}}],"collection":[{"href":"https:\/\/www.unpm.mr\/fim\/wp-json\/wp\/v2\/pages"}],"about":[{"href":"https:\/\/www.unpm.mr\/fim\/wp-json\/wp\/v2\/types\/page"}],"author":[{"embeddable":true,"href":"https:\/\/www.unpm.mr\/fim\/wp-json\/wp\/v2\/users\/1"}],"replies":[{"embeddable":true,"href":"https:\/\/www.unpm.mr\/fim\/wp-json\/wp\/v2\/comments?post=69"}],"version-history":[{"count":1,"href":"https:\/\/www.unpm.mr\/fim\/wp-json\/wp\/v2\/pages\/69\/revisions"}],"predecessor-version":[{"id":70,"href":"https:\/\/www.unpm.mr\/fim\/wp-json\/wp\/v2\/pages\/69\/revisions\/70"}],"wp:attachment":[{"href":"https:\/\/www.unpm.mr\/fim\/wp-json\/wp\/v2\/media?parent=69"}],"curies":[{"name":"wp","href":"https:\/\/api.w.org\/{rel}","templated":true}]}}