{"id":74,"date":"2018-11-06T07:21:58","date_gmt":"2018-11-06T07:21:58","guid":{"rendered":"http:\/\/www.unpm.mr\/fim\/strategie-et-politique-de-la-fim\/"},"modified":"2026-01-27T12:32:07","modified_gmt":"2026-01-27T12:32:07","slug":"strategie-et-politique-de-la-fim","status":"publish","type":"page","link":"https:\/\/www.unpm.mr\/fim\/ar\/strategie-et-politique-de-la-fim\/","title":{"rendered":"\u0627\u0644\u0625\u0633\u062a\u0631\u0627\u062a\u064a\u062c\u064a\u0629 \u0648 \u0627\u0644\u0623\u0647\u062f\u0627\u0641"},"content":{"rendered":"<table class=\"texted-defillet\" border=\"0\" width=\"100%\" cellspacing=\"0\" cellpadding=\"2\">\n<tbody>\n<tr>\n<td width=\"100%\"><\/td>\n<\/tr>\n<tr>\n<td>\n<table class=\"texted-defillet\" border=\"0\" width=\"100%\" align=\"center\">\n<tbody>\n<tr>\n<td>\n<div align=\"justify\">Par son implication dans les multiples organes que sont\u00a0: le Comit\u00e9 Pr\u00e9sidentiel d\u2019Investissement, le Comit\u00e9 National d\u2019Orientation Strat\u00e9gique, le Conseil National de l\u2019Emploi, le Conseil d\u2019Arbitrage, le Tribunal du Travail, la Commission de M\u00e9diation et les diff\u00e9rents Conseils d\u2019Administration des Etablissements d\u2019enseignement techniques et professionnels, la\u00a0<b>FIM<\/b>\u00a0ne peut qu\u2019\u00eatre impliqu\u00e9e dans les strat\u00e9gies et politiques nationales pour mieux d\u00e9fendre les int\u00e9r\u00eats collectifs et individuels de ses membres et participer au d\u00e9veloppement des secteurs concern\u00e9s.<\/div>\n<\/td>\n<\/tr>\n<\/tbody>\n<\/table>\n<\/td>\n<\/tr>\n<\/tbody>\n<\/table>\n","protected":false},"excerpt":{"rendered":"<p>Par son implication dans les multiples organes que sont\u00a0: le Comit\u00e9 Pr\u00e9sidentiel d\u2019Investissement, le Comit\u00e9 National d\u2019Orientation Strat\u00e9gique, le Conseil National de l\u2019Emploi, le Conseil d\u2019Arbitrage, le Tribunal du Travail, la Commission de M\u00e9diation et les diff\u00e9rents Conseils d\u2019Administration des Etablissements d\u2019enseignement techniques et professionnels, la\u00a0FIM\u00a0ne peut qu\u2019\u00eatre impliqu\u00e9e dans les strat\u00e9gies et politiques nationales [&hellip;]<\/p>\n","protected":false},"author":1,"featured_media":0,"parent":0,"menu_order":0,"comment_status":"closed","ping_status":"closed","template":"","meta":{"footnotes":""},"class_list":["post-74","page","type-page","status-publish","hentry"],"_links":{"self":[{"href":"https:\/\/www.unpm.mr\/fim\/wp-json\/wp\/v2\/pages\/74","targetHints":{"allow":["GET"]}}],"collection":[{"href":"https:\/\/www.unpm.mr\/fim\/wp-json\/wp\/v2\/pages"}],"about":[{"href":"https:\/\/www.unpm.mr\/fim\/wp-json\/wp\/v2\/types\/page"}],"author":[{"embeddable":true,"href":"https:\/\/www.unpm.mr\/fim\/wp-json\/wp\/v2\/users\/1"}],"replies":[{"embeddable":true,"href":"https:\/\/www.unpm.mr\/fim\/wp-json\/wp\/v2\/comments?post=74"}],"version-history":[{"count":1,"href":"https:\/\/www.unpm.mr\/fim\/wp-json\/wp\/v2\/pages\/74\/revisions"}],"predecessor-version":[{"id":75,"href":"https:\/\/www.unpm.mr\/fim\/wp-json\/wp\/v2\/pages\/74\/revisions\/75"}],"wp:attachment":[{"href":"https:\/\/www.unpm.mr\/fim\/wp-json\/wp\/v2\/media?parent=74"}],"curies":[{"name":"wp","href":"https:\/\/api.w.org\/{rel}","templated":true}]}}