{"id":2,"date":"2018-09-24T19:57:15","date_gmt":"2018-09-24T19:57:15","guid":{"rendered":"http:\/\/www.unpm.mr\/fne-vdf\/?page_id=2"},"modified":"2026-01-27T12:22:51","modified_gmt":"2026-01-27T12:22:51","slug":"sample-page","status":"publish","type":"page","link":"https:\/\/www.unpm.mr\/fma\/","title":{"rendered":"Pr\u00e9sentation de la f\u00e9d\u00e9ration"},"content":{"rendered":"<table class=\"texted-defillet\" border=\"0\" width=\"100%\" cellspacing=\"1\" cellpadding=\"0\">\n<tbody>\n<tr>\n<td>\n<table class=\"texted-defillet\" border=\"0\" width=\"100%\" cellspacing=\"0\" cellpadding=\"2\">\n<tbody>\n<tr>\n<td width=\"100%\">\n<p align=\"justify\">\n<\/td>\n<\/tr>\n<tr>\n<td>\n<table class=\"texted-defillet\" border=\"0\" width=\"100%\" align=\"center\">\n<tbody>\n<tr>\n<td>\n<div align=\"justify\">La F\u00e9d\u00e9ration des Agriculteurs et Eleveurs de Mauritanie est une Organisation Socio professionnelle apolitique ayant pour objet la d\u00e9fense des int\u00e9r\u00eats mat\u00e9riels et moraux de ses adh\u00e9rents. Il s\u2019agit aussi de faire des agriculteurs et des Eleveurs de Mauritanie des agents \u00e9conomiques conscients de leurs potentialit\u00e9s de production \u00e0 m\u00eame de s\u2019acquitter de leurs devoirs et de d\u00e9fendre leurs droits. Il s\u2019agit par ailleurs d\u2019assurer, canaliser les initiatives des agriculteurs et \u00e9leveurs dans le cadre d\u2019une libre et loyale concurrence susceptible d\u2019impulser leur g\u00e9nie afin de g\u00e9n\u00e9rer le maximum de fruits de leurs efforts individuels et collectifs<\/div>\n<\/td>\n<\/tr>\n<\/tbody>\n<\/table>\n<\/td>\n<\/tr>\n<\/tbody>\n<\/table>\n<\/td>\n<\/tr>\n<\/tbody>\n<\/table>\n<p>&nbsp;<\/p>\n","protected":false},"excerpt":{"rendered":"<p>La F\u00e9d\u00e9ration des Agriculteurs et Eleveurs de Mauritanie est une Organisation Socio professionnelle apolitique ayant pour objet la d\u00e9fense des int\u00e9r\u00eats mat\u00e9riels et moraux de ses adh\u00e9rents. Il s\u2019agit aussi de faire des agriculteurs et des Eleveurs de Mauritanie des agents \u00e9conomiques conscients de leurs potentialit\u00e9s de production \u00e0 m\u00eame de s\u2019acquitter de leurs devoirs [&hellip;]<\/p>\n","protected":false},"author":1,"featured_media":0,"parent":0,"menu_order":0,"comment_status":"closed","ping_status":"open","template":"","meta":{"footnotes":""},"class_list":["post-2","page","type-page","status-publish","hentry"],"_links":{"self":[{"href":"https:\/\/www.unpm.mr\/fma\/wp-json\/wp\/v2\/pages\/2","targetHints":{"allow":["GET"]}}],"collection":[{"href":"https:\/\/www.unpm.mr\/fma\/wp-json\/wp\/v2\/pages"}],"about":[{"href":"https:\/\/www.unpm.mr\/fma\/wp-json\/wp\/v2\/types\/page"}],"author":[{"embeddable":true,"href":"https:\/\/www.unpm.mr\/fma\/wp-json\/wp\/v2\/users\/1"}],"replies":[{"embeddable":true,"href":"https:\/\/www.unpm.mr\/fma\/wp-json\/wp\/v2\/comments?post=2"}],"version-history":[{"count":1,"href":"https:\/\/www.unpm.mr\/fma\/wp-json\/wp\/v2\/pages\/2\/revisions"}],"predecessor-version":[{"id":9,"href":"https:\/\/www.unpm.mr\/fma\/wp-json\/wp\/v2\/pages\/2\/revisions\/9"}],"wp:attachment":[{"href":"https:\/\/www.unpm.mr\/fma\/wp-json\/wp\/v2\/media?parent=2"}],"curies":[{"name":"wp","href":"https:\/\/api.w.org\/{rel}","templated":true}]}}