{"id":10,"date":"2018-10-21T07:38:38","date_gmt":"2018-10-21T07:38:38","guid":{"rendered":"http:\/\/www.unpm.mr\/fmbp\/?page_id=10"},"modified":"2026-01-27T12:28:51","modified_gmt":"2026-01-27T12:28:51","slug":"les-organes-de-la-federation-2","status":"publish","type":"page","link":"https:\/\/www.unpm.mr\/fmbp\/les-organes-de-la-federation-2\/","title":{"rendered":"Les Organes de la F\u00e9d\u00e9ration"},"content":{"rendered":"<ul>\n<li>L\u2019Assembl\u00e9e G\u00e9n\u00e9rale<\/li>\n<li>Le Bureau<\/li>\n<li>Le Comit\u00e9 Permanent<\/li>\n<li>Le Secr\u00e9tariat G\u00e9n\u00e9ral<\/li>\n<\/ul>\n","protected":false},"excerpt":{"rendered":"<p>L\u2019Assembl\u00e9e G\u00e9n\u00e9rale Le Bureau Le Comit\u00e9 Permanent Le Secr\u00e9tariat G\u00e9n\u00e9ral<\/p>\n","protected":false},"author":1,"featured_media":0,"parent":0,"menu_order":0,"comment_status":"closed","ping_status":"closed","template":"","meta":{"footnotes":""},"class_list":["post-10","page","type-page","status-publish","hentry"],"_links":{"self":[{"href":"https:\/\/www.unpm.mr\/fmbp\/wp-json\/wp\/v2\/pages\/10","targetHints":{"allow":["GET"]}}],"collection":[{"href":"https:\/\/www.unpm.mr\/fmbp\/wp-json\/wp\/v2\/pages"}],"about":[{"href":"https:\/\/www.unpm.mr\/fmbp\/wp-json\/wp\/v2\/types\/page"}],"author":[{"embeddable":true,"href":"https:\/\/www.unpm.mr\/fmbp\/wp-json\/wp\/v2\/users\/1"}],"replies":[{"embeddable":true,"href":"https:\/\/www.unpm.mr\/fmbp\/wp-json\/wp\/v2\/comments?post=10"}],"version-history":[{"count":2,"href":"https:\/\/www.unpm.mr\/fmbp\/wp-json\/wp\/v2\/pages\/10\/revisions"}],"predecessor-version":[{"id":12,"href":"https:\/\/www.unpm.mr\/fmbp\/wp-json\/wp\/v2\/pages\/10\/revisions\/12"}],"wp:attachment":[{"href":"https:\/\/www.unpm.mr\/fmbp\/wp-json\/wp\/v2\/media?parent=10"}],"curies":[{"name":"wp","href":"https:\/\/api.w.org\/{rel}","templated":true}]}}