{"id":17,"date":"2018-10-21T07:40:55","date_gmt":"2018-10-21T07:40:55","guid":{"rendered":"http:\/\/www.unpm.mr\/fmbp\/?page_id=17"},"modified":"2026-01-27T12:28:51","modified_gmt":"2026-01-27T12:28:51","slug":"strategie-et-politique-de-la-federation-2","status":"publish","type":"page","link":"https:\/\/www.unpm.mr\/fmbp\/strategie-et-politique-de-la-federation-2\/","title":{"rendered":"Strategie et Politique de la F\u00e9d\u00e9ration"},"content":{"rendered":"<p>La  F\u00e9d\u00e9ration a pour objet l\u2019\u00e9tude, la d\u00e9fense et la repr\u00e9sentation des int\u00e9r\u00eats \u00e9conomiques, et  sociaux de ses adh\u00e9rents.<\/p>\n<p>Elle s\u2019assigne les objectifs suivants :<\/p>\n<p>&#8211; R\u00e9habilitation du Boulanger  Mauritanien aux fins de le rehausser au niveau de ses responsabilit\u00e9s et faire de lui un citoyen responsable qui sait d\u00e9fendre ses droits et s\u2019acquitter de ses devoirs;<br \/>\n&#8211; La collaboration sinc\u00e8re avec l\u2019Administration et avec toutes les F\u00e9d\u00e9rations Nationales dans le cadre de l\u2019UNPM ;<br \/>\n&#8211; La Participation consciente et responsable dans tout effort de redressement et d\u2019\u00e9panouissement \u00e9conomique de la Mauritanie ;<br \/>\n&#8211; L\u2019Etablissement de rapports de coop\u00e9ration franche et d\u00e9sint\u00e9ress\u00e9e avec toutes les organisations syndicales reconnues dans le cadre d\u2019une concertation permanente orient\u00e9e vers l\u2019int\u00e9r\u00eat g\u00e9n\u00e9ral de toute la collectivit\u00e9 nationale.<\/p>\n","protected":false},"excerpt":{"rendered":"<p>La F\u00e9d\u00e9ration a pour objet l\u2019\u00e9tude, la d\u00e9fense et la repr\u00e9sentation des int\u00e9r\u00eats \u00e9conomiques, et sociaux de ses adh\u00e9rents. Elle s\u2019assigne les objectifs suivants : &#8211; R\u00e9habilitation du Boulanger Mauritanien aux fins de le rehausser au niveau de ses responsabilit\u00e9s et faire de lui un citoyen responsable qui sait d\u00e9fendre ses droits et s\u2019acquitter de [&hellip;]<\/p>\n","protected":false},"author":1,"featured_media":0,"parent":0,"menu_order":0,"comment_status":"closed","ping_status":"closed","template":"","meta":{"footnotes":""},"class_list":["post-17","page","type-page","status-publish","hentry"],"_links":{"self":[{"href":"https:\/\/www.unpm.mr\/fmbp\/wp-json\/wp\/v2\/pages\/17","targetHints":{"allow":["GET"]}}],"collection":[{"href":"https:\/\/www.unpm.mr\/fmbp\/wp-json\/wp\/v2\/pages"}],"about":[{"href":"https:\/\/www.unpm.mr\/fmbp\/wp-json\/wp\/v2\/types\/page"}],"author":[{"embeddable":true,"href":"https:\/\/www.unpm.mr\/fmbp\/wp-json\/wp\/v2\/users\/1"}],"replies":[{"embeddable":true,"href":"https:\/\/www.unpm.mr\/fmbp\/wp-json\/wp\/v2\/comments?post=17"}],"version-history":[{"count":1,"href":"https:\/\/www.unpm.mr\/fmbp\/wp-json\/wp\/v2\/pages\/17\/revisions"}],"predecessor-version":[{"id":18,"href":"https:\/\/www.unpm.mr\/fmbp\/wp-json\/wp\/v2\/pages\/17\/revisions\/18"}],"wp:attachment":[{"href":"https:\/\/www.unpm.mr\/fmbp\/wp-json\/wp\/v2\/media?parent=17"}],"curies":[{"name":"wp","href":"https:\/\/api.w.org\/{rel}","templated":true}]}}