{"id":2,"date":"2018-09-24T19:58:21","date_gmt":"2018-09-24T19:58:21","guid":{"rendered":"http:\/\/www.unpm.mr\/fmbp\/?page_id=2"},"modified":"2026-01-27T12:28:51","modified_gmt":"2026-01-27T12:28:51","slug":"sample-page-2","status":"publish","type":"page","link":"https:\/\/www.unpm.mr\/fmbp\/","title":{"rendered":"Pr\u00e9sentation"},"content":{"rendered":"<p>La F\u00e9d\u00e9ration Mauritanienne des Boulangeries et des P\u00e2tisseries,\u00a0 est un organisme professionnel regroupant la majorit\u00e9 des op\u00e9rateurs du secteur des Boulangeries et des p\u00e2tisseries, elle a \u00e9t\u00e9 cr\u00e9\u00e9e le 14 mai 1991 \u00e0 Nouakchott, elle est membre de l\u2019UNPM.<\/p>\n<p>Pr\u00e9sident de la F\u00e9d\u00e9ration\u00a0:\u00a0Mr Abderrahmane Ould\u00a0 SAAD BOUH (dit MANE).<br \/>\nSecr\u00e9taire G\u00e9n\u00e9ral:\u00a0Dicko Soudani MOUDOU<\/p>\n<p>F\u00e9d\u00e9ration Mauritanienne des Boulangerie et des P\u00e2tisseries,<br \/>\nBP 383 Nouakchott Mauritanie<br \/>\nT\u00e9l : 222\u00a0529 03 10\u00a0 \u2013\u00a0 524 11 42\u00a0 \u2013 Fax\u00a0: 222\u00a0524 11 41<br \/>\nE.mail\u00a0:\u00a0<a href=\"mailto:prfmbp@unpm.mr\">prfmbp@unpm.mr<\/a><br \/>\n<a href=\"mailto:sgfmbp@unpm.mr\">sgfmbp@unpm.mr<\/a><\/p>\n","protected":false},"excerpt":{"rendered":"<p>La F\u00e9d\u00e9ration Mauritanienne des Boulangeries et des P\u00e2tisseries,\u00a0 est un organisme professionnel regroupant la majorit\u00e9 des op\u00e9rateurs du secteur des Boulangeries et des p\u00e2tisseries, elle a \u00e9t\u00e9 cr\u00e9\u00e9e le 14 mai 1991 \u00e0 Nouakchott, elle est membre de l\u2019UNPM. Pr\u00e9sident de la F\u00e9d\u00e9ration\u00a0:\u00a0Mr Abderrahmane Ould\u00a0 SAAD BOUH (dit MANE). Secr\u00e9taire G\u00e9n\u00e9ral:\u00a0Dicko Soudani MOUDOU F\u00e9d\u00e9ration Mauritanienne [&hellip;]<\/p>\n","protected":false},"author":1,"featured_media":0,"parent":0,"menu_order":0,"comment_status":"closed","ping_status":"open","template":"","meta":{"footnotes":""},"class_list":["post-2","page","type-page","status-publish","hentry"],"_links":{"self":[{"href":"https:\/\/www.unpm.mr\/fmbp\/wp-json\/wp\/v2\/pages\/2","targetHints":{"allow":["GET"]}}],"collection":[{"href":"https:\/\/www.unpm.mr\/fmbp\/wp-json\/wp\/v2\/pages"}],"about":[{"href":"https:\/\/www.unpm.mr\/fmbp\/wp-json\/wp\/v2\/types\/page"}],"author":[{"embeddable":true,"href":"https:\/\/www.unpm.mr\/fmbp\/wp-json\/wp\/v2\/users\/1"}],"replies":[{"embeddable":true,"href":"https:\/\/www.unpm.mr\/fmbp\/wp-json\/wp\/v2\/comments?post=2"}],"version-history":[{"count":4,"href":"https:\/\/www.unpm.mr\/fmbp\/wp-json\/wp\/v2\/pages\/2\/revisions"}],"predecessor-version":[{"id":27,"href":"https:\/\/www.unpm.mr\/fmbp\/wp-json\/wp\/v2\/pages\/2\/revisions\/27"}],"wp:attachment":[{"href":"https:\/\/www.unpm.mr\/fmbp\/wp-json\/wp\/v2\/media?parent=2"}],"curies":[{"name":"wp","href":"https:\/\/api.w.org\/{rel}","templated":true}]}}