{"id":32,"date":"2018-10-21T07:40:34","date_gmt":"2018-10-21T07:40:34","guid":{"rendered":"http:\/\/www.unpm.mr\/fmbp\/conditions-dadhesion\/"},"modified":"2026-01-27T12:28:51","modified_gmt":"2026-01-27T12:28:51","slug":"conditions-dadhesion","status":"publish","type":"page","link":"https:\/\/www.unpm.mr\/fmbp\/ar\/conditions-dadhesion\/","title":{"rendered":"\u0634\u0631\u0648\u0637 \u0627\u0644\u0639\u0636\u0648\u064a\u0629"},"content":{"rendered":"<p>Est admis au titre de membre \u00e0 part enti\u00e8re : Toute personne physique ou morale exer\u00e7ant une activit\u00e9 se rapportant au secteur des Boulangeries et des P\u00e2tisseries.<\/p>\n","protected":false},"excerpt":{"rendered":"<p>Est admis au titre de membre \u00e0 part enti\u00e8re : Toute personne physique ou morale exer\u00e7ant une activit\u00e9 se rapportant au secteur des Boulangeries et des P\u00e2tisseries.<\/p>\n","protected":false},"author":1,"featured_media":0,"parent":0,"menu_order":0,"comment_status":"closed","ping_status":"closed","template":"","meta":{"footnotes":""},"class_list":["post-32","page","type-page","status-publish","hentry"],"_links":{"self":[{"href":"https:\/\/www.unpm.mr\/fmbp\/wp-json\/wp\/v2\/pages\/32","targetHints":{"allow":["GET"]}}],"collection":[{"href":"https:\/\/www.unpm.mr\/fmbp\/wp-json\/wp\/v2\/pages"}],"about":[{"href":"https:\/\/www.unpm.mr\/fmbp\/wp-json\/wp\/v2\/types\/page"}],"author":[{"embeddable":true,"href":"https:\/\/www.unpm.mr\/fmbp\/wp-json\/wp\/v2\/users\/1"}],"replies":[{"embeddable":true,"href":"https:\/\/www.unpm.mr\/fmbp\/wp-json\/wp\/v2\/comments?post=32"}],"version-history":[{"count":1,"href":"https:\/\/www.unpm.mr\/fmbp\/wp-json\/wp\/v2\/pages\/32\/revisions"}],"predecessor-version":[{"id":34,"href":"https:\/\/www.unpm.mr\/fmbp\/wp-json\/wp\/v2\/pages\/32\/revisions\/34"}],"wp:attachment":[{"href":"https:\/\/www.unpm.mr\/fmbp\/wp-json\/wp\/v2\/media?parent=32"}],"curies":[{"name":"wp","href":"https:\/\/api.w.org\/{rel}","templated":true}]}}