{"id":35,"date":"2018-10-20T07:40:01","date_gmt":"2018-10-20T07:40:01","guid":{"rendered":"http:\/\/www.unpm.mr\/fmbp\/la-couverture-sur-le-territoire-national\/"},"modified":"2026-01-27T12:28:51","modified_gmt":"2026-01-27T12:28:51","slug":"la-couverture-sur-le-territoire-national","status":"publish","type":"page","link":"https:\/\/www.unpm.mr\/fmbp\/ar\/la-couverture-sur-le-territoire-national\/","title":{"rendered":"\u0627\u0644\u062a\u063a\u0637\u064a\u0629 \u0639\u0644\u0649 \u0627\u0644\u0623\u0631\u0627\u0636\u064a \u0627\u0644\u0648\u0637\u0646\u064a\u0629"},"content":{"rendered":"<p>Nouakchott : 400 Unit\u00e9s modernes et 300 Unit\u00e9s Traditionnelles<br \/>\nNouadhibou : 45 Unit\u00e9s modernes<br \/>\nRosso : 40 Unit\u00e9s modernes<br \/>\nAutre villes : 115 Unit\u00e9s modernes et 500 unit\u00e9s traditionnelles<\/p>\n","protected":false},"excerpt":{"rendered":"<p>Nouakchott : 400 Unit\u00e9s modernes et 300 Unit\u00e9s Traditionnelles Nouadhibou : 45 Unit\u00e9s modernes Rosso : 40 Unit\u00e9s modernes Autre villes : 115 Unit\u00e9s modernes et 500 unit\u00e9s traditionnelles<\/p>\n","protected":false},"author":1,"featured_media":0,"parent":0,"menu_order":0,"comment_status":"closed","ping_status":"closed","template":"","meta":{"footnotes":""},"class_list":["post-35","page","type-page","status-publish","hentry"],"_links":{"self":[{"href":"https:\/\/www.unpm.mr\/fmbp\/wp-json\/wp\/v2\/pages\/35","targetHints":{"allow":["GET"]}}],"collection":[{"href":"https:\/\/www.unpm.mr\/fmbp\/wp-json\/wp\/v2\/pages"}],"about":[{"href":"https:\/\/www.unpm.mr\/fmbp\/wp-json\/wp\/v2\/types\/page"}],"author":[{"embeddable":true,"href":"https:\/\/www.unpm.mr\/fmbp\/wp-json\/wp\/v2\/users\/1"}],"replies":[{"embeddable":true,"href":"https:\/\/www.unpm.mr\/fmbp\/wp-json\/wp\/v2\/comments?post=35"}],"version-history":[{"count":1,"href":"https:\/\/www.unpm.mr\/fmbp\/wp-json\/wp\/v2\/pages\/35\/revisions"}],"predecessor-version":[{"id":37,"href":"https:\/\/www.unpm.mr\/fmbp\/wp-json\/wp\/v2\/pages\/35\/revisions\/37"}],"wp:attachment":[{"href":"https:\/\/www.unpm.mr\/fmbp\/wp-json\/wp\/v2\/media?parent=35"}],"curies":[{"name":"wp","href":"https:\/\/api.w.org\/{rel}","templated":true}]}}