{"id":2,"date":"2018-11-06T16:26:31","date_gmt":"2018-11-06T16:26:31","guid":{"rendered":"http:\/\/www.unpm.mr\/fnbtp\/?page_id=2"},"modified":"2026-01-27T12:33:04","modified_gmt":"2026-01-27T12:33:04","slug":"sample-page-2","status":"publish","type":"page","link":"https:\/\/www.unpm.mr\/fnbtp\/","title":{"rendered":"Pr\u00e9sentation"},"content":{"rendered":"<p><strong>F\u00e9d\u00e9ration des Entrepreneurs Mauritaniens de Construction des infrastructures<\/strong><\/p>\n","protected":false},"excerpt":{"rendered":"<p>F\u00e9d\u00e9ration des Entrepreneurs Mauritaniens de Construction des infrastructures<\/p>\n","protected":false},"author":2,"featured_media":0,"parent":0,"menu_order":0,"comment_status":"closed","ping_status":"open","template":"","meta":{"footnotes":""},"class_list":["post-2","page","type-page","status-publish","hentry"],"_links":{"self":[{"href":"https:\/\/www.unpm.mr\/fnbtp\/wp-json\/wp\/v2\/pages\/2","targetHints":{"allow":["GET"]}}],"collection":[{"href":"https:\/\/www.unpm.mr\/fnbtp\/wp-json\/wp\/v2\/pages"}],"about":[{"href":"https:\/\/www.unpm.mr\/fnbtp\/wp-json\/wp\/v2\/types\/page"}],"author":[{"embeddable":true,"href":"https:\/\/www.unpm.mr\/fnbtp\/wp-json\/wp\/v2\/users\/2"}],"replies":[{"embeddable":true,"href":"https:\/\/www.unpm.mr\/fnbtp\/wp-json\/wp\/v2\/comments?post=2"}],"version-history":[{"count":3,"href":"https:\/\/www.unpm.mr\/fnbtp\/wp-json\/wp\/v2\/pages\/2\/revisions"}],"predecessor-version":[{"id":56,"href":"https:\/\/www.unpm.mr\/fnbtp\/wp-json\/wp\/v2\/pages\/2\/revisions\/56"}],"wp:attachment":[{"href":"https:\/\/www.unpm.mr\/fnbtp\/wp-json\/wp\/v2\/media?parent=2"}],"curies":[{"name":"wp","href":"https:\/\/api.w.org\/{rel}","templated":true}]}}