{"id":10,"date":"2018-11-06T07:01:31","date_gmt":"2018-11-06T07:01:31","guid":{"rendered":"http:\/\/www.unpm.mr\/fnp\/?page_id=10"},"modified":"2026-01-27T12:32:39","modified_gmt":"2026-01-27T12:32:39","slug":"les-sections-de-la-federation-2","status":"publish","type":"page","link":"https:\/\/www.unpm.mr\/fnp\/les-sections-de-la-federation-2\/","title":{"rendered":"Les Sections de la F\u00e9d\u00e9ration"},"content":{"rendered":"<table width=\"95%\">\n<tbody>\n<tr>\n<td width=\"100%\">\n<table width=\"100%\">\n<tbody>\n<tr>\n<td><\/td>\n<\/tr>\n<tr>\n<td>\n<table width=\"100%\">\n<tbody>\n<tr>\n<td width=\"100%\"><\/td>\n<\/tr>\n<tr>\n<td>\n<table width=\"100%\">\n<tbody>\n<tr>\n<td>Pour r\u00e9pondre aux sp\u00e9cificit\u00e9s des activit\u00e9s de ses membres,\u00a0la FNP\u00a0a\u00a0\u00a0en son sein les sections\u00a0\u00a0suivantes\u00a0:<\/p>\n<p>&#8211;\u00a0\u00a0\u00a0\u00a0\u00a0\u00a0\u00a0\u00a0\u00a0\u00a0<strong>Section Armement de Fond<\/strong>\u00a0: elle est compos\u00e9e de 60 navires glaciers, 100 navires cong\u00e9lateurs)<\/p>\n<p>&#8211;\u00a0\u00a0\u00a0\u00a0\u00a0\u00a0\u00a0\u00a0\u00a0\u00a0<strong>Section Usines<\/strong>\u00a0\u00a0\u00a0: qui regroupe 70 usines de traitement et de stockage (Nouadhibou et Nouakchott)<\/p>\n<p>&#8211;\u00a0\u00a0\u00a0\u00a0\u00a0\u00a0\u00a0\u00a0\u00a0\u00a0\u00a0<strong>Section\u00a0\u00a0Armement\u00a0\u00a0P\u00e9lagique<\/strong>\u00a0: qui regroupe 50 navires P\u00e9lagiques<\/p>\n<p>&#8211;\u00a0\u00a0\u00a0\u00a0\u00a0\u00a0\u00a0\u00a0\u00a0\u00a0<strong>Section Prestations de Service<\/strong>\u00a0: compos\u00e9e de 45 prestataires de service<\/p>\n<p>&#8211;\u00a0\u00a0\u00a0\u00a0\u00a0\u00a0\u00a0\u00a0\u00a0\u00a0<strong>Section Artisans de P\u00eache Zone Nord<\/strong>\u00a0: compos\u00e9e de 2200 embarcations \u00e0 Nouadhibou<\/p>\n<p>&#8211;\u00a0\u00a0\u00a0\u00a0\u00a0\u00a0\u00a0\u00a0\u00a0\u00a0<strong>Section Artisans de P\u00eache Zone Sud\u00a0:<\/strong>\u00a0compos\u00e9e de 1500 embarcations \u00e0 Nouakchott<\/td>\n<\/tr>\n<\/tbody>\n<\/table>\n<\/td>\n<\/tr>\n<\/tbody>\n<\/table>\n<\/td>\n<\/tr>\n<\/tbody>\n<\/table>\n<\/td>\n<\/tr>\n<\/tbody>\n<\/table>\n","protected":false},"excerpt":{"rendered":"<p>Pour r\u00e9pondre aux sp\u00e9cificit\u00e9s des activit\u00e9s de ses membres,\u00a0la FNP\u00a0a\u00a0\u00a0en son sein les sections\u00a0\u00a0suivantes\u00a0: &#8211;\u00a0\u00a0\u00a0\u00a0\u00a0\u00a0\u00a0\u00a0\u00a0\u00a0Section Armement de Fond\u00a0: elle est compos\u00e9e de 60 navires glaciers, 100 navires cong\u00e9lateurs) &#8211;\u00a0\u00a0\u00a0\u00a0\u00a0\u00a0\u00a0\u00a0\u00a0\u00a0Section Usines\u00a0\u00a0\u00a0: qui regroupe 70 usines de traitement et de stockage (Nouadhibou et Nouakchott) &#8211;\u00a0\u00a0\u00a0\u00a0\u00a0\u00a0\u00a0\u00a0\u00a0\u00a0\u00a0Section\u00a0\u00a0Armement\u00a0\u00a0P\u00e9lagique\u00a0: qui regroupe 50 navires P\u00e9lagiques &#8211;\u00a0\u00a0\u00a0\u00a0\u00a0\u00a0\u00a0\u00a0\u00a0\u00a0Section Prestations de Service\u00a0: compos\u00e9e de 45 [&hellip;]<\/p>\n","protected":false},"author":1,"featured_media":0,"parent":0,"menu_order":0,"comment_status":"closed","ping_status":"closed","template":"","meta":{"footnotes":""},"class_list":["post-10","page","type-page","status-publish","hentry"],"_links":{"self":[{"href":"https:\/\/www.unpm.mr\/fnp\/wp-json\/wp\/v2\/pages\/10","targetHints":{"allow":["GET"]}}],"collection":[{"href":"https:\/\/www.unpm.mr\/fnp\/wp-json\/wp\/v2\/pages"}],"about":[{"href":"https:\/\/www.unpm.mr\/fnp\/wp-json\/wp\/v2\/types\/page"}],"author":[{"embeddable":true,"href":"https:\/\/www.unpm.mr\/fnp\/wp-json\/wp\/v2\/users\/1"}],"replies":[{"embeddable":true,"href":"https:\/\/www.unpm.mr\/fnp\/wp-json\/wp\/v2\/comments?post=10"}],"version-history":[{"count":1,"href":"https:\/\/www.unpm.mr\/fnp\/wp-json\/wp\/v2\/pages\/10\/revisions"}],"predecessor-version":[{"id":11,"href":"https:\/\/www.unpm.mr\/fnp\/wp-json\/wp\/v2\/pages\/10\/revisions\/11"}],"wp:attachment":[{"href":"https:\/\/www.unpm.mr\/fnp\/wp-json\/wp\/v2\/media?parent=10"}],"curies":[{"name":"wp","href":"https:\/\/api.w.org\/{rel}","templated":true}]}}