{"id":12,"date":"2018-11-06T07:01:47","date_gmt":"2018-11-06T07:01:47","guid":{"rendered":"http:\/\/www.unpm.mr\/fnp\/?page_id=12"},"modified":"2026-01-27T12:32:39","modified_gmt":"2026-01-27T12:32:39","slug":"conditions-dadhesion-2","status":"publish","type":"page","link":"https:\/\/www.unpm.mr\/fnp\/conditions-dadhesion-2\/","title":{"rendered":"Conditions d\u2019Adh\u00e9sion"},"content":{"rendered":"<table width=\"95%\">\n<tbody>\n<tr>\n<td width=\"100%\">\n<table width=\"100%\">\n<tbody>\n<tr>\n<td><\/td>\n<\/tr>\n<tr>\n<td>\n<table width=\"100%\">\n<tbody>\n<tr>\n<td width=\"100%\">&nbsp;<\/td>\n<\/tr>\n<tr>\n<td>\n<table width=\"100%\">\n<tbody>\n<tr>\n<td>Est admis au titre de membre \u00e0 part enti\u00e8re\u00a0: Toute personne physique ou morale exer\u00e7ant une activit\u00e9 se rapportant au secteur maritime et r\u00e9unissant les conditions suivantes\u00a0:<\/p>\n<p>&#8211;\u00a0\u00a0\u00a0\u00a0\u00a0\u00a0\u00a0\u00a0\u00a0\u00a0Avoir une raison sociale<\/p>\n<p>&#8211;\u00a0\u00a0\u00a0\u00a0\u00a0\u00a0\u00a0\u00a0\u00a0\u00a0R\u00e9aliser un chiffre d\u2019Affaire Annuel d\u2019au moins douze millions Ouguiyas (12.000.000 UM)<\/p>\n<p>&#8211;\u00a0\u00a0\u00a0\u00a0\u00a0\u00a0\u00a0\u00a0\u00a0\u00a0Avoir trois (3) employ\u00e9s r\u00e9guli\u00e8rement d\u00e9clar\u00e9s \u00e0\u00a0la CNSS.<\/p>\n<p>&#8211;\u00a0\u00a0\u00a0\u00a0\u00a0\u00a0\u00a0\u00a0\u00a0\u00a0Avoir pay\u00e9s ses cotisations.<\/p>\n<p>&nbsp;<\/p>\n<p>L\u2019Adh\u00e9sion\u00a0\u00a0\u00e0\u00a0la FNP\u00a0est en permanence ouverte \u00e0 toute personne physique ou morale remplissant les conditions cit\u00e9es ci-dessus.<\/p>\n<p>Les P\u00eacheurs artisans adh\u00e8rent directement au niveau\u00a0\u00a0des sections artisanales avec des crit\u00e8res simplifi\u00e9s.<\/td>\n<\/tr>\n<\/tbody>\n<\/table>\n<\/td>\n<\/tr>\n<\/tbody>\n<\/table>\n<\/td>\n<\/tr>\n<\/tbody>\n<\/table>\n<\/td>\n<\/tr>\n<\/tbody>\n<\/table>\n","protected":false},"excerpt":{"rendered":"<p>&nbsp; Est admis au titre de membre \u00e0 part enti\u00e8re\u00a0: Toute personne physique ou morale exer\u00e7ant une activit\u00e9 se rapportant au secteur maritime et r\u00e9unissant les conditions suivantes\u00a0: &#8211;\u00a0\u00a0\u00a0\u00a0\u00a0\u00a0\u00a0\u00a0\u00a0\u00a0Avoir une raison sociale &#8211;\u00a0\u00a0\u00a0\u00a0\u00a0\u00a0\u00a0\u00a0\u00a0\u00a0R\u00e9aliser un chiffre d\u2019Affaire Annuel d\u2019au moins douze millions Ouguiyas (12.000.000 UM) &#8211;\u00a0\u00a0\u00a0\u00a0\u00a0\u00a0\u00a0\u00a0\u00a0\u00a0Avoir trois (3) employ\u00e9s r\u00e9guli\u00e8rement d\u00e9clar\u00e9s \u00e0\u00a0la CNSS. &#8211;\u00a0\u00a0\u00a0\u00a0\u00a0\u00a0\u00a0\u00a0\u00a0\u00a0Avoir pay\u00e9s ses [&hellip;]<\/p>\n","protected":false},"author":1,"featured_media":0,"parent":0,"menu_order":0,"comment_status":"closed","ping_status":"closed","template":"","meta":{"footnotes":""},"class_list":["post-12","page","type-page","status-publish","hentry"],"_links":{"self":[{"href":"https:\/\/www.unpm.mr\/fnp\/wp-json\/wp\/v2\/pages\/12","targetHints":{"allow":["GET"]}}],"collection":[{"href":"https:\/\/www.unpm.mr\/fnp\/wp-json\/wp\/v2\/pages"}],"about":[{"href":"https:\/\/www.unpm.mr\/fnp\/wp-json\/wp\/v2\/types\/page"}],"author":[{"embeddable":true,"href":"https:\/\/www.unpm.mr\/fnp\/wp-json\/wp\/v2\/users\/1"}],"replies":[{"embeddable":true,"href":"https:\/\/www.unpm.mr\/fnp\/wp-json\/wp\/v2\/comments?post=12"}],"version-history":[{"count":1,"href":"https:\/\/www.unpm.mr\/fnp\/wp-json\/wp\/v2\/pages\/12\/revisions"}],"predecessor-version":[{"id":13,"href":"https:\/\/www.unpm.mr\/fnp\/wp-json\/wp\/v2\/pages\/12\/revisions\/13"}],"wp:attachment":[{"href":"https:\/\/www.unpm.mr\/fnp\/wp-json\/wp\/v2\/media?parent=12"}],"curies":[{"name":"wp","href":"https:\/\/api.w.org\/{rel}","templated":true}]}}