{"id":16,"date":"2018-11-06T07:02:24","date_gmt":"2018-11-06T07:02:24","guid":{"rendered":"http:\/\/www.unpm.mr\/fnp\/?page_id=16"},"modified":"2026-01-27T12:32:39","modified_gmt":"2026-01-27T12:32:39","slug":"activites-de-la-federation-2","status":"publish","type":"page","link":"https:\/\/www.unpm.mr\/fnp\/activites-de-la-federation-2\/","title":{"rendered":"Activit\u00e9s de la F\u00e9d\u00e9ration"},"content":{"rendered":"<table width=\"100%\">\n<tbody>\n<tr>\n<td width=\"100%\"><\/td>\n<\/tr>\n<tr>\n<td>\n<table width=\"100%\">\n<tbody>\n<tr>\n<td>&#8211;\u00a0\u00a0\u00a0\u00a0\u00a0\u00a0\u00a0\u00a0\u00a0\u00a0L\u2019\u00e9tablissement de contacts privil\u00e9gi\u00e9s de coop\u00e9ration avec les partenaires sociaux l\u00e9galement constitu\u00e9s pour cr\u00e9er un cadre harmonieux permettant le d\u00e9veloppement \u00e9conomique et social de\u00a0la Mauritanie<\/p>\n<p>&#8211;\u00a0\u00a0\u00a0\u00a0\u00a0\u00a0\u00a0\u00a0\u00a0\u00a0La collecte, le traitement et la diffusion de toutes informations relatives au secteur de la p\u00eache<\/p>\n<p>&#8211;\u00a0\u00a0\u00a0\u00a0\u00a0\u00a0\u00a0\u00a0\u00a0\u00a0La Contribution\u00a0\u00e0 la r\u00e9alisation des projets rentables initi\u00e9s par les membres<\/p>\n<p>La participation \u00e0 l\u2019encadrement et \u00e0 l\u2019impulsion de la p\u00eache artisanale en Mauritanie.<\/td>\n<\/tr>\n<\/tbody>\n<\/table>\n<\/td>\n<\/tr>\n<\/tbody>\n<\/table>\n","protected":false},"excerpt":{"rendered":"<p>&#8211;\u00a0\u00a0\u00a0\u00a0\u00a0\u00a0\u00a0\u00a0\u00a0\u00a0L\u2019\u00e9tablissement de contacts privil\u00e9gi\u00e9s de coop\u00e9ration avec les partenaires sociaux l\u00e9galement constitu\u00e9s pour cr\u00e9er un cadre harmonieux permettant le d\u00e9veloppement \u00e9conomique et social de\u00a0la Mauritanie &#8211;\u00a0\u00a0\u00a0\u00a0\u00a0\u00a0\u00a0\u00a0\u00a0\u00a0La collecte, le traitement et la diffusion de toutes informations relatives au secteur de la p\u00eache &#8211;\u00a0\u00a0\u00a0\u00a0\u00a0\u00a0\u00a0\u00a0\u00a0\u00a0La Contribution\u00a0\u00e0 la r\u00e9alisation des projets rentables initi\u00e9s par les membres La participation \u00e0 [&hellip;]<\/p>\n","protected":false},"author":1,"featured_media":0,"parent":0,"menu_order":0,"comment_status":"closed","ping_status":"closed","template":"","meta":{"footnotes":""},"class_list":["post-16","page","type-page","status-publish","hentry"],"_links":{"self":[{"href":"https:\/\/www.unpm.mr\/fnp\/wp-json\/wp\/v2\/pages\/16","targetHints":{"allow":["GET"]}}],"collection":[{"href":"https:\/\/www.unpm.mr\/fnp\/wp-json\/wp\/v2\/pages"}],"about":[{"href":"https:\/\/www.unpm.mr\/fnp\/wp-json\/wp\/v2\/types\/page"}],"author":[{"embeddable":true,"href":"https:\/\/www.unpm.mr\/fnp\/wp-json\/wp\/v2\/users\/1"}],"replies":[{"embeddable":true,"href":"https:\/\/www.unpm.mr\/fnp\/wp-json\/wp\/v2\/comments?post=16"}],"version-history":[{"count":1,"href":"https:\/\/www.unpm.mr\/fnp\/wp-json\/wp\/v2\/pages\/16\/revisions"}],"predecessor-version":[{"id":17,"href":"https:\/\/www.unpm.mr\/fnp\/wp-json\/wp\/v2\/pages\/16\/revisions\/17"}],"wp:attachment":[{"href":"https:\/\/www.unpm.mr\/fnp\/wp-json\/wp\/v2\/media?parent=16"}],"curies":[{"name":"wp","href":"https:\/\/api.w.org\/{rel}","templated":true}]}}