{"id":18,"date":"2018-11-06T07:02:45","date_gmt":"2018-11-06T07:02:45","guid":{"rendered":"http:\/\/www.unpm.mr\/fnp\/?page_id=18"},"modified":"2026-01-27T12:32:39","modified_gmt":"2026-01-27T12:32:39","slug":"partenaires-de-la-federation-2","status":"publish","type":"page","link":"https:\/\/www.unpm.mr\/fnp\/partenaires-de-la-federation-2\/","title":{"rendered":"Partenaires de la F\u00e9d\u00e9ration"},"content":{"rendered":"<table width=\"100%\">\n<tbody>\n<tr>\n<td width=\"100%\">&nbsp;<\/td>\n<\/tr>\n<tr>\n<td>\n<table width=\"100%\">\n<tbody>\n<tr>\n<td>La FNP\u00a0travaille en \u00e9troite collaboration avec toutes les institutions du Minist\u00e8re des P\u00eaches et de l\u2019Economie Maritime, (ENEMP, PAN, EPBR, DSPCM, IMROP, ONISPA etc\u2026)<\/p>\n<p>Dans le cadre de son partenariat avec les bailleurs de Fonds,\u00a0la FNPtravaille avec l\u2019AFD (Agence Fran\u00e7aise de D\u00e9veloppement), BM (Banque Mondiale),\u00a0la GTZ\u00a0(Coop\u00e9ration allemande) et reste ouverte \u00e0 toutes sortes de coop\u00e9ration visant \u00e0 am\u00e9liorer le rendement du secteur de la p\u00eache en Mauritanie.<\/td>\n<\/tr>\n<\/tbody>\n<\/table>\n<\/td>\n<\/tr>\n<\/tbody>\n<\/table>\n","protected":false},"excerpt":{"rendered":"<p>&nbsp; La FNP\u00a0travaille en \u00e9troite collaboration avec toutes les institutions du Minist\u00e8re des P\u00eaches et de l\u2019Economie Maritime, (ENEMP, PAN, EPBR, DSPCM, IMROP, ONISPA etc\u2026) Dans le cadre de son partenariat avec les bailleurs de Fonds,\u00a0la FNPtravaille avec l\u2019AFD (Agence Fran\u00e7aise de D\u00e9veloppement), BM (Banque Mondiale),\u00a0la GTZ\u00a0(Coop\u00e9ration allemande) et reste ouverte \u00e0 toutes sortes de [&hellip;]<\/p>\n","protected":false},"author":1,"featured_media":0,"parent":0,"menu_order":0,"comment_status":"closed","ping_status":"closed","template":"","meta":{"footnotes":""},"class_list":["post-18","page","type-page","status-publish","hentry"],"_links":{"self":[{"href":"https:\/\/www.unpm.mr\/fnp\/wp-json\/wp\/v2\/pages\/18","targetHints":{"allow":["GET"]}}],"collection":[{"href":"https:\/\/www.unpm.mr\/fnp\/wp-json\/wp\/v2\/pages"}],"about":[{"href":"https:\/\/www.unpm.mr\/fnp\/wp-json\/wp\/v2\/types\/page"}],"author":[{"embeddable":true,"href":"https:\/\/www.unpm.mr\/fnp\/wp-json\/wp\/v2\/users\/1"}],"replies":[{"embeddable":true,"href":"https:\/\/www.unpm.mr\/fnp\/wp-json\/wp\/v2\/comments?post=18"}],"version-history":[{"count":1,"href":"https:\/\/www.unpm.mr\/fnp\/wp-json\/wp\/v2\/pages\/18\/revisions"}],"predecessor-version":[{"id":19,"href":"https:\/\/www.unpm.mr\/fnp\/wp-json\/wp\/v2\/pages\/18\/revisions\/19"}],"wp:attachment":[{"href":"https:\/\/www.unpm.mr\/fnp\/wp-json\/wp\/v2\/media?parent=18"}],"curies":[{"name":"wp","href":"https:\/\/api.w.org\/{rel}","templated":true}]}}