{"id":2,"date":"2018-11-05T21:07:19","date_gmt":"2018-11-05T21:07:19","guid":{"rendered":"http:\/\/www.unpm.mr\/fnp\/?page_id=2"},"modified":"2026-01-27T12:32:39","modified_gmt":"2026-01-27T12:32:39","slug":"sample-page-2","status":"publish","type":"page","link":"https:\/\/www.unpm.mr\/fnp\/","title":{"rendered":"Pr\u00e9sentation de la F\u00e9d\u00e9ration"},"content":{"rendered":"<p style=\"font-weight: 400;\">La FNP\u00a0est un organisme professionnel regroupant la majorit\u00e9 des op\u00e9rateurs du secteur maritime, elle a \u00e9t\u00e9 cr\u00e9\u00e9e le 22 mai 1995 \u00e0 Nouadhibou (suite \u00e0 la fusion des anciennes structures (FIAP, FIAPECHE), elle est membre de l\u2019UNPM (l\u2019Union Nationale du Patronat de Mauritanie)<\/p>\n<p>T\u00e9l\u00e9charger le statut de la FNP <a href=\"https:\/\/drive.google.com\/file\/d\/10dss3hEIP1mUktuY1m7sTqC4JuVPfpq5\/view?usp=sharing\" target=\"_blank\" rel=\"noopener\">STATUT FNP<\/a><\/p>\n<p>T\u00e9l\u00e9charger le r\u00e8glement int\u00e9rieur de la FNP\u00a0<a href=\"https:\/\/drive.google.com\/file\/d\/1l6sXPq2xAl3w5HpjfjdEJiigbnEkErRO\/view?usp=sharing\" target=\"_blank\" rel=\"noopener\">REGLEMENT INTERIEUR FNP<\/a><\/p>\n<p style=\"font-weight: 400;\"><strong>F\u00e9d\u00e9ration Nationale de P\u00eache<\/strong><\/p>\n<p style=\"font-weight: 400;\">Si\u00e9ge Social\u00a0: Boulevard M\u00e9dian<\/p>\n<p style=\"font-weight: 400;\">BP\u00a0: 043<\/p>\n<p style=\"font-weight: 400;\">T\u00e9l : 5745 089 \u2013 5475 916 \u2013 Fax\u00a0: 5745 430<\/p>\n<p style=\"font-weight: 400;\">Repr\u00e9sentation Nouakchott\u00a0: T\u00e9l\u00a0: 525 95 69 \u2013 Fax\u00a0: 529 39 26<\/p>\n<p style=\"font-weight: 400;\">E.mail\u00a0:\u00a0<a href=\"mailto:sgfnp@unpm.mr\">sgfnp@unpm.mr<\/a><\/p>\n<p style=\"font-weight: 400;\">\u00a0\u00a0\u00a0\u00a0\u00a0\u00a0\u00a0\u00a0\u00a0\u00a0\u00a0\u00a0<a href=\"mailto:fnprim@yahoo.fr\">fnprim@yahoo.fr<\/a><\/p>\n<p style=\"font-weight: 400;\">G.mail\u00a0:<a href=\"mailto:fnpprcc@gmail.com\">fnpprcc@gmail.com<\/a><\/p>\n","protected":false},"excerpt":{"rendered":"<p>La FNP\u00a0est un organisme professionnel regroupant la majorit\u00e9 des op\u00e9rateurs du secteur maritime, elle a \u00e9t\u00e9 cr\u00e9\u00e9e le 22 mai 1995 \u00e0 Nouadhibou (suite \u00e0 la fusion des anciennes structures (FIAP, FIAPECHE), elle est membre de l\u2019UNPM (l\u2019Union Nationale du Patronat de Mauritanie) T\u00e9l\u00e9charger le statut de la FNP STATUT FNP T\u00e9l\u00e9charger le r\u00e8glement int\u00e9rieur [&hellip;]<\/p>\n","protected":false},"author":1,"featured_media":0,"parent":0,"menu_order":0,"comment_status":"closed","ping_status":"open","template":"","meta":{"footnotes":""},"class_list":["post-2","page","type-page","status-publish","hentry"],"_links":{"self":[{"href":"https:\/\/www.unpm.mr\/fnp\/wp-json\/wp\/v2\/pages\/2","targetHints":{"allow":["GET"]}}],"collection":[{"href":"https:\/\/www.unpm.mr\/fnp\/wp-json\/wp\/v2\/pages"}],"about":[{"href":"https:\/\/www.unpm.mr\/fnp\/wp-json\/wp\/v2\/types\/page"}],"author":[{"embeddable":true,"href":"https:\/\/www.unpm.mr\/fnp\/wp-json\/wp\/v2\/users\/1"}],"replies":[{"embeddable":true,"href":"https:\/\/www.unpm.mr\/fnp\/wp-json\/wp\/v2\/comments?post=2"}],"version-history":[{"count":7,"href":"https:\/\/www.unpm.mr\/fnp\/wp-json\/wp\/v2\/pages\/2\/revisions"}],"predecessor-version":[{"id":83,"href":"https:\/\/www.unpm.mr\/fnp\/wp-json\/wp\/v2\/pages\/2\/revisions\/83"}],"wp:attachment":[{"href":"https:\/\/www.unpm.mr\/fnp\/wp-json\/wp\/v2\/media?parent=2"}],"curies":[{"name":"wp","href":"https:\/\/api.w.org\/{rel}","templated":true}]}}