{"id":20,"date":"2018-11-06T07:03:09","date_gmt":"2018-11-06T07:03:09","guid":{"rendered":"http:\/\/www.unpm.mr\/fnp\/?page_id=20"},"modified":"2026-01-27T12:32:39","modified_gmt":"2026-01-27T12:32:39","slug":"news-2","status":"publish","type":"page","link":"https:\/\/www.unpm.mr\/fnp\/news-2\/","title":{"rendered":"News"},"content":{"rendered":"<table width=\"100%\">\n<tbody>\n<tr>\n<td>\n<table width=\"100%\">\n<tbody>\n<tr>\n<td width=\"100%\"><\/td>\n<\/tr>\n<tr>\n<td>\n<table width=\"100%\">\n<tbody>\n<tr>\n<td>\u00a0\u00a0\u00a0La FNP\u00a0participe\u00a0\u00a0\u00e0 l\u2019essentiel\u00a0\u00a0des conf\u00e9rences et rencontres nationales et internationales sur le secteur maritime.<\/p>\n<p>&nbsp;<\/p>\n<p>La FNP\u00a0participe r\u00e9guli\u00e8rement au Seafood de Bruxelles qui se tient chaque ann\u00e9e et qui re\u00e7oit la participation des op\u00e9rateurs venus des cinq continents. Cette foire consid\u00e9r\u00e9e parmi les plus importantes au monde offre une occasion exceptionnelle de rencontres entre clients et fournisseurs et permet aux membres de\u00a0la FNP\u00a0de promouvoir d\u2019avantage les produits mauritaniens.<\/p>\n<p>&nbsp;<\/p>\n<p>La FNP\u00a0\u00e0 travers le PRCC\u00a0\u00a0(Programme de Renforcement des Capacit\u00e9s Commerciales) programme financ\u00e9 par l\u2019AFD \u00e0 hauteur de 2 Millions d\u2019euros a lanc\u00e9 un vaste programme de formation visant toutes les cat\u00e9gories du personnel des usines de p\u00eaches agr\u00e9\u00e9es de Mauritanie (personnel de production, personnel de nettoyage, personnel de maintenance et responsable hygi\u00e8ne et qualit\u00e9) afin d\u2019am\u00e9liorer leur connaissance sur les techniques du traitement des produits de la p\u00eache, sur les r\u00e8gles et mesures sanitaires exig\u00e9s par les r\u00e9glementations nationales et europ\u00e9ennes.<\/p>\n<p>&nbsp;<\/p>\n<p>Dans ce m\u00eame cadre\u00a0la FNP\u00a0envisage d\u2019organiser\u00a0\u00a0dans le proche \u00e0 venir un important s\u00e9minaire qui regroupera l\u2019ensemble des acteurs de la p\u00eache afin de d\u00e9battre des probl\u00e8mes pressants du secteur et \u00e9couter les interventions et t\u00e9moignages des experts qui seront invit\u00e9s pour l\u2019occasion dans le but d\u2019apporter les solutions ad\u00e9quates aux probl\u00e8mes pos\u00e9s au secteur de la p\u00eache.<\/td>\n<\/tr>\n<\/tbody>\n<\/table>\n<\/td>\n<\/tr>\n<\/tbody>\n<\/table>\n<\/td>\n<\/tr>\n<tr>\n<td><\/td>\n<\/tr>\n<\/tbody>\n<\/table>\n","protected":false},"excerpt":{"rendered":"<p>\u00a0\u00a0\u00a0La FNP\u00a0participe\u00a0\u00a0\u00e0 l\u2019essentiel\u00a0\u00a0des conf\u00e9rences et rencontres nationales et internationales sur le secteur maritime. &nbsp; La FNP\u00a0participe r\u00e9guli\u00e8rement au Seafood de Bruxelles qui se tient chaque ann\u00e9e et qui re\u00e7oit la participation des op\u00e9rateurs venus des cinq continents. Cette foire consid\u00e9r\u00e9e parmi les plus importantes au monde offre une occasion exceptionnelle de rencontres entre clients et [&hellip;]<\/p>\n","protected":false},"author":1,"featured_media":0,"parent":0,"menu_order":0,"comment_status":"closed","ping_status":"closed","template":"","meta":{"footnotes":""},"class_list":["post-20","page","type-page","status-publish","hentry"],"_links":{"self":[{"href":"https:\/\/www.unpm.mr\/fnp\/wp-json\/wp\/v2\/pages\/20","targetHints":{"allow":["GET"]}}],"collection":[{"href":"https:\/\/www.unpm.mr\/fnp\/wp-json\/wp\/v2\/pages"}],"about":[{"href":"https:\/\/www.unpm.mr\/fnp\/wp-json\/wp\/v2\/types\/page"}],"author":[{"embeddable":true,"href":"https:\/\/www.unpm.mr\/fnp\/wp-json\/wp\/v2\/users\/1"}],"replies":[{"embeddable":true,"href":"https:\/\/www.unpm.mr\/fnp\/wp-json\/wp\/v2\/comments?post=20"}],"version-history":[{"count":1,"href":"https:\/\/www.unpm.mr\/fnp\/wp-json\/wp\/v2\/pages\/20\/revisions"}],"predecessor-version":[{"id":21,"href":"https:\/\/www.unpm.mr\/fnp\/wp-json\/wp\/v2\/pages\/20\/revisions\/21"}],"wp:attachment":[{"href":"https:\/\/www.unpm.mr\/fnp\/wp-json\/wp\/v2\/media?parent=20"}],"curies":[{"name":"wp","href":"https:\/\/api.w.org\/{rel}","templated":true}]}}