{"id":24,"date":"2018-11-06T07:04:11","date_gmt":"2018-11-06T07:04:11","guid":{"rendered":"http:\/\/www.unpm.mr\/fnp\/?page_id=24"},"modified":"2026-01-27T12:32:39","modified_gmt":"2026-01-27T12:32:39","slug":"documents-2","status":"publish","type":"page","link":"https:\/\/www.unpm.mr\/fnp\/documents-2\/","title":{"rendered":"Documents"},"content":{"rendered":"<table class=\"texted-defillet\" dir=\"ltl\" border=\"0\" width=\"100%\" cellspacing=\"0\" cellpadding=\"0\" align=\"left\">\n<tbody>\n<tr>\n<td align=\"CENTER\" valign=\"top\" bgcolor=\"ffffff\" width=\"521\">\n<table class=\"texted-defillet\" border=\"0\" width=\"521\" cellspacing=\"0\" cellpadding=\"0\">\n<tbody>\n<tr>\n<td valign=\"top\" width=\"519\">\n<table class=\"texted-defillet\" dir=\"ltl\" border=\"0\" width=\"95%\" cellspacing=\"0\" cellpadding=\"0\" align=\"center\">\n<tbody>\n<tr>\n<td width=\"100%\">\n<div align=\"center\"><center><\/p>\n<table class=\"texted-defillet\" border=\"0\" width=\"521\" cellspacing=\"0\" cellpadding=\"0\">\n<tbody>\n<tr>\n<td valign=\"top\" width=\"519\"><img loading=\"lazy\" decoding=\"async\" src=\"http:\/\/unpm.mr\/old\/nix.gif\" width=\"521\" height=\"1\" \/><\/p>\n<p align=\"right\"><span class=\"Recherche\">F\u00e9d\u00e9ration Nationale de P\u00eache<\/span><\/p>\n<div>\n<table class=\"texted-defillet\" dir=\"ltl\" border=\"0\" width=\"95%\" cellspacing=\"0\" cellpadding=\"0\" align=\"center\">\n<tbody>\n<tr>\n<td width=\"100%\">\n<div align=\"center\"><center><\/p>\n<table class=\"texted-defillet\" border=\"0\" width=\"100%\" cellspacing=\"1\" cellpadding=\"0\">\n<tbody>\n<tr>\n<td><\/td>\n<\/tr>\n<tr>\n<td>\n<table class=\"texted-defillet\" border=\"0\" width=\"100%\" cellspacing=\"0\" cellpadding=\"2\">\n<tbody>\n<tr>\n<td width=\"100%\">\n<p align=\"justify\">\n<\/td>\n<\/tr>\n<tr>\n<td>\n<table class=\"texted-defillet\" border=\"0\" width=\"100%\" align=\"center\">\n<tbody>\n<tr>\n<td>\n<ul>\n<li><a href=\"http:\/\/www.unpm.mr\/imagesprg\/LPAC%20HUILE%20FARINE%20VERSION%20AVEC.pdf\" target=\"_blank\" rel=\"noopener\"><strong>LIVRET PRATIQUE D&rsquo;AUTOCONTR\u00d4LE POUR LA FABRICATION D&rsquo;HUILE ET DE FARINE DE POISSON<\/strong><\/a><\/li>\n<\/ul>\n<p>&nbsp;<\/p>\n<ul>\n<li><a href=\"http:\/\/www.unpm.mr\/imagesprg\/LPAC%20ARTISANALE%20MRT%20VERSION%20AVEC.pdf\" target=\"_blank\" rel=\"noopener\"><strong>LIVRET PRATIQUE D&rsquo;AUTOCONTR\u00d4LE POUR LA P\u00caCHE ARTISANALE<\/strong><\/a><\/li>\n<\/ul>\n<p>&nbsp;<\/p>\n<ul>\n<li><a href=\"http:\/\/www.unpm.mr\/imagesprg\/LPAC%20INDUSTRIE%20VERSION%20AVEC.pdf\" target=\"_blank\" rel=\"noopener\"><strong>LIVRET PRATIQUE D&rsquo;AUTOCONTR\u00d4LE POUR LA FILIERE INDUSTRIELLE<\/strong><\/a><\/li>\n<\/ul>\n<\/td>\n<\/tr>\n<\/tbody>\n<\/table>\n<\/td>\n<\/tr>\n<\/tbody>\n<\/table>\n<\/td>\n<\/tr>\n<\/tbody>\n<\/table>\n<p><\/center><\/div>\n<\/td>\n<\/tr>\n<\/tbody>\n<\/table>\n<\/div>\n<\/td>\n<\/tr>\n<\/tbody>\n<\/table>\n<p><\/center><\/div>\n<\/td>\n<\/tr>\n<\/tbody>\n<\/table>\n<\/td>\n<\/tr>\n<\/tbody>\n<\/table>\n<\/td>\n<\/tr>\n<\/tbody>\n<\/table>\n","protected":false},"excerpt":{"rendered":"<p>F\u00e9d\u00e9ration Nationale de P\u00eache LIVRET PRATIQUE D&rsquo;AUTOCONTR\u00d4LE POUR LA FABRICATION D&rsquo;HUILE ET DE FARINE DE POISSON &nbsp; LIVRET PRATIQUE D&rsquo;AUTOCONTR\u00d4LE POUR LA P\u00caCHE ARTISANALE &nbsp; LIVRET PRATIQUE D&rsquo;AUTOCONTR\u00d4LE POUR LA FILIERE INDUSTRIELLE<\/p>\n","protected":false},"author":1,"featured_media":0,"parent":0,"menu_order":0,"comment_status":"closed","ping_status":"closed","template":"","meta":{"footnotes":""},"class_list":["post-24","page","type-page","status-publish","hentry"],"_links":{"self":[{"href":"https:\/\/www.unpm.mr\/fnp\/wp-json\/wp\/v2\/pages\/24","targetHints":{"allow":["GET"]}}],"collection":[{"href":"https:\/\/www.unpm.mr\/fnp\/wp-json\/wp\/v2\/pages"}],"about":[{"href":"https:\/\/www.unpm.mr\/fnp\/wp-json\/wp\/v2\/types\/page"}],"author":[{"embeddable":true,"href":"https:\/\/www.unpm.mr\/fnp\/wp-json\/wp\/v2\/users\/1"}],"replies":[{"embeddable":true,"href":"https:\/\/www.unpm.mr\/fnp\/wp-json\/wp\/v2\/comments?post=24"}],"version-history":[{"count":1,"href":"https:\/\/www.unpm.mr\/fnp\/wp-json\/wp\/v2\/pages\/24\/revisions"}],"predecessor-version":[{"id":25,"href":"https:\/\/www.unpm.mr\/fnp\/wp-json\/wp\/v2\/pages\/24\/revisions\/25"}],"wp:attachment":[{"href":"https:\/\/www.unpm.mr\/fnp\/wp-json\/wp\/v2\/media?parent=24"}],"curies":[{"name":"wp","href":"https:\/\/api.w.org\/{rel}","templated":true}]}}