{"id":10,"date":"2018-11-06T07:42:22","date_gmt":"2018-11-06T07:42:22","guid":{"rendered":"http:\/\/www.unpm.mr\/fspl\/?page_id=10"},"modified":"2026-01-27T12:29:16","modified_gmt":"2026-01-27T12:29:16","slug":"objectifs-de-la-fspl-2","status":"publish","type":"page","link":"https:\/\/www.unpm.mr\/fs\/objectifs-de-la-fspl-2\/","title":{"rendered":"Objectifs de la FS"},"content":{"rendered":"<table width=\"100%\">\n<tbody>\n<tr>\n<td width=\"100%\"><\/td>\n<\/tr>\n<tr>\n<td>\n<table width=\"100%\">\n<tbody>\n<tr>\n<td><strong>La FS \u00e0 pour objet principal<\/strong>\u00a0: l\u2019Etude, la d\u00e9fense et la repr\u00e9sentation des int\u00e9r\u00eats \u00e9conomiques, industriels et commerciaux de l\u2019ensemble des ses adh\u00e9rents.<\/p>\n<p>Elle est la seule habilit\u00e9e\u00a0\u00e0 intervenir officiellement au nom de ses adh\u00e9rents aupr\u00e8s de l\u2019Union Nationale du Patronat Mauritanien et des Pouvoirs Publics afin de d\u00e9fendre les int\u00e9r\u00eats mat\u00e9riels et moraux de ses adh\u00e9rents, \u00e0 participer aux n\u00e9gociations individuelles ou collectives avec les repr\u00e9sentants des organisations des travailleurs ainsi qu\u2019avec les autorit\u00e9s publiques.<\/td>\n<\/tr>\n<\/tbody>\n<\/table>\n<\/td>\n<\/tr>\n<\/tbody>\n<\/table>\n","protected":false},"excerpt":{"rendered":"<p>La FS \u00e0 pour objet principal\u00a0: l\u2019Etude, la d\u00e9fense et la repr\u00e9sentation des int\u00e9r\u00eats \u00e9conomiques, industriels et commerciaux de l\u2019ensemble des ses adh\u00e9rents. Elle est la seule habilit\u00e9e\u00a0\u00e0 intervenir officiellement au nom de ses adh\u00e9rents aupr\u00e8s de l\u2019Union Nationale du Patronat Mauritanien et des Pouvoirs Publics afin de d\u00e9fendre les int\u00e9r\u00eats mat\u00e9riels et moraux de [&hellip;]<\/p>\n","protected":false},"author":1,"featured_media":0,"parent":0,"menu_order":0,"comment_status":"closed","ping_status":"closed","template":"","meta":{"footnotes":""},"class_list":["post-10","page","type-page","status-publish","hentry"],"_links":{"self":[{"href":"https:\/\/www.unpm.mr\/fs\/wp-json\/wp\/v2\/pages\/10","targetHints":{"allow":["GET"]}}],"collection":[{"href":"https:\/\/www.unpm.mr\/fs\/wp-json\/wp\/v2\/pages"}],"about":[{"href":"https:\/\/www.unpm.mr\/fs\/wp-json\/wp\/v2\/types\/page"}],"author":[{"embeddable":true,"href":"https:\/\/www.unpm.mr\/fs\/wp-json\/wp\/v2\/users\/1"}],"replies":[{"embeddable":true,"href":"https:\/\/www.unpm.mr\/fs\/wp-json\/wp\/v2\/comments?post=10"}],"version-history":[{"count":3,"href":"https:\/\/www.unpm.mr\/fs\/wp-json\/wp\/v2\/pages\/10\/revisions"}],"predecessor-version":[{"id":58,"href":"https:\/\/www.unpm.mr\/fs\/wp-json\/wp\/v2\/pages\/10\/revisions\/58"}],"wp:attachment":[{"href":"https:\/\/www.unpm.mr\/fs\/wp-json\/wp\/v2\/media?parent=10"}],"curies":[{"name":"wp","href":"https:\/\/api.w.org\/{rel}","templated":true}]}}