{"id":2,"date":"2018-09-24T19:58:44","date_gmt":"2018-09-24T19:58:44","guid":{"rendered":"http:\/\/www.unpm.mr\/fspl\/?page_id=2"},"modified":"2026-01-27T12:29:16","modified_gmt":"2026-01-27T12:29:16","slug":"sample-page-2","status":"publish","type":"page","link":"https:\/\/www.unpm.mr\/fs\/","title":{"rendered":"Pr\u00e9sentation"},"content":{"rendered":"<p style=\"font-weight: 400;\"><strong>Pr\u00e9sentation de la F\u00e9d\u00e9ration\u00a0:<\/strong><\/p>\n<p style=\"font-weight: 400;\">La F\u00e9d\u00e9ration des Services\u00a0 (FS), affili\u00e9e \u00e0 l\u2019Union Nationale du Patronat Mauritanien, est n\u00e9e le 09 Mai 2006 suite \u00e0 la restructuration op\u00e9r\u00e9e \u00e0 la FBTS pour prendre en charge les secteurs de la T\u00e9l\u00e9communication, de l\u2019activit\u00e9 portuaire et de l\u2019expertise nationale\u2026.<\/p>\n<p style=\"font-weight: 400;\"><strong>Pr\u00e9sident\u00a0: Mohamed O\/ WALED\u00a0: Pr\u00e9sident Directeur G\u00e9n\u00e9ral de la WIMEX<\/strong><\/p>\n<p style=\"font-weight: 400;\"><strong>Secr\u00e9taire G\u00e9n\u00e9rale Khadijetou mint Amara\u00a0<\/strong><\/p>\n<p style=\"font-weight: 400;\"><strong>T\u00e9l\u00a0: 45 29 07 69<\/strong><\/p>\n<p style=\"font-weight: 400;\"><strong>Fax\u00a0: 45 25 46 06<\/strong><\/p>\n<p style=\"font-weight: 400;\"><strong>Site Web\u00a0:\u00a0<\/strong><strong><a href=\"http:\/\/www.fspl.mr\/\">www.fspl.mr<\/a><\/strong><\/p>\n<p style=\"font-weight: 400;\"><strong>E-mail\u00a0:\u00a0\u00a0\u00a0\u00a0\u00a0<\/strong><strong><a href=\"mailto:fsplmr@fspl.mr\">fsplmr@fspl.mr<\/a><\/strong><\/p>\n<p style=\"font-weight: 400;\"><strong>\u00a0\u00a0\u00a0\u00a0\u00a0\u00a0\u00a0\u00a0\u00a0\u00a0\u00a0\u00a0\u00a0\u00a0\u00a0\u00a0\u00a0\u00a0<\/strong><strong><a href=\"mailto:sgfspl@unpm.mr\">sgfspl@unpm.mr<\/a><\/strong><\/p>\n<p style=\"font-weight: 400;\">\n","protected":false},"excerpt":{"rendered":"<p>Pr\u00e9sentation de la F\u00e9d\u00e9ration\u00a0: La F\u00e9d\u00e9ration des Services\u00a0 (FS), affili\u00e9e \u00e0 l\u2019Union Nationale du Patronat Mauritanien, est n\u00e9e le 09 Mai 2006 suite \u00e0 la restructuration op\u00e9r\u00e9e \u00e0 la FBTS pour prendre en charge les secteurs de la T\u00e9l\u00e9communication, de l\u2019activit\u00e9 portuaire et de l\u2019expertise nationale\u2026. Pr\u00e9sident\u00a0: Mohamed O\/ WALED\u00a0: Pr\u00e9sident Directeur G\u00e9n\u00e9ral de la [&hellip;]<\/p>\n","protected":false},"author":1,"featured_media":0,"parent":0,"menu_order":0,"comment_status":"closed","ping_status":"open","template":"","meta":{"footnotes":""},"class_list":["post-2","page","type-page","status-publish","hentry"],"_links":{"self":[{"href":"https:\/\/www.unpm.mr\/fs\/wp-json\/wp\/v2\/pages\/2","targetHints":{"allow":["GET"]}}],"collection":[{"href":"https:\/\/www.unpm.mr\/fs\/wp-json\/wp\/v2\/pages"}],"about":[{"href":"https:\/\/www.unpm.mr\/fs\/wp-json\/wp\/v2\/types\/page"}],"author":[{"embeddable":true,"href":"https:\/\/www.unpm.mr\/fs\/wp-json\/wp\/v2\/users\/1"}],"replies":[{"embeddable":true,"href":"https:\/\/www.unpm.mr\/fs\/wp-json\/wp\/v2\/comments?post=2"}],"version-history":[{"count":3,"href":"https:\/\/www.unpm.mr\/fs\/wp-json\/wp\/v2\/pages\/2\/revisions"}],"predecessor-version":[{"id":61,"href":"https:\/\/www.unpm.mr\/fs\/wp-json\/wp\/v2\/pages\/2\/revisions\/61"}],"wp:attachment":[{"href":"https:\/\/www.unpm.mr\/fs\/wp-json\/wp\/v2\/media?parent=2"}],"curies":[{"name":"wp","href":"https:\/\/api.w.org\/{rel}","templated":true}]}}