{"id":31,"date":"2018-11-06T07:42:40","date_gmt":"2018-11-06T07:42:40","guid":{"rendered":"http:\/\/www.unpm.mr\/fspl\/conditions-dadhesion\/"},"modified":"2026-01-27T12:29:16","modified_gmt":"2026-01-27T12:29:16","slug":"conditions-dadhesion","status":"publish","type":"page","link":"https:\/\/www.unpm.mr\/fs\/ar\/conditions-dadhesion\/","title":{"rendered":"\u0634\u0631\u0648\u0637 \u0627\u0644\u0639\u0636\u0648\u064a\u0629"},"content":{"rendered":"<table class=\"texted-defillet\" border=\"0\" width=\"100%\" cellspacing=\"0\" cellpadding=\"2\">\n<tbody>\n<tr>\n<td width=\"100%\"><\/td>\n<\/tr>\n<tr>\n<td>\n<table class=\"texted-defillet\" border=\"0\" width=\"100%\" align=\"center\">\n<tbody>\n<tr>\n<td>\n<p align=\"justify\"><span class=\"Texte\"><span lang=\"FR\">Les entreprises l\u00e9galement constitu\u00e9es avec un chiffre d\u2019affaire minimum de 12.000.000 UM et au moins trois employ\u00e9s affili\u00e9s \u00e0 la CNSS exer\u00e7ant l\u2019une des activit\u00e9s dans les secteurs sus indiqu\u00e9e.<\/span><\/span><\/p>\n<\/td>\n<\/tr>\n<\/tbody>\n<\/table>\n<\/td>\n<\/tr>\n<\/tbody>\n<\/table>\n","protected":false},"excerpt":{"rendered":"<p>Les entreprises l\u00e9galement constitu\u00e9es avec un chiffre d\u2019affaire minimum de 12.000.000 UM et au moins trois employ\u00e9s affili\u00e9s \u00e0 la CNSS exer\u00e7ant l\u2019une des activit\u00e9s dans les secteurs sus indiqu\u00e9e.<\/p>\n","protected":false},"author":1,"featured_media":0,"parent":0,"menu_order":0,"comment_status":"closed","ping_status":"closed","template":"","meta":{"footnotes":""},"class_list":["post-31","page","type-page","status-publish","hentry"],"_links":{"self":[{"href":"https:\/\/www.unpm.mr\/fs\/wp-json\/wp\/v2\/pages\/31","targetHints":{"allow":["GET"]}}],"collection":[{"href":"https:\/\/www.unpm.mr\/fs\/wp-json\/wp\/v2\/pages"}],"about":[{"href":"https:\/\/www.unpm.mr\/fs\/wp-json\/wp\/v2\/types\/page"}],"author":[{"embeddable":true,"href":"https:\/\/www.unpm.mr\/fs\/wp-json\/wp\/v2\/users\/1"}],"replies":[{"embeddable":true,"href":"https:\/\/www.unpm.mr\/fs\/wp-json\/wp\/v2\/comments?post=31"}],"version-history":[{"count":1,"href":"https:\/\/www.unpm.mr\/fs\/wp-json\/wp\/v2\/pages\/31\/revisions"}],"predecessor-version":[{"id":32,"href":"https:\/\/www.unpm.mr\/fs\/wp-json\/wp\/v2\/pages\/31\/revisions\/32"}],"wp:attachment":[{"href":"https:\/\/www.unpm.mr\/fs\/wp-json\/wp\/v2\/media?parent=31"}],"curies":[{"name":"wp","href":"https:\/\/api.w.org\/{rel}","templated":true}]}}