{"id":19,"date":"2018-11-06T07:57:22","date_gmt":"2018-11-06T07:57:22","guid":{"rendered":"http:\/\/www.unpm.mr\/ft\/?page_id=19"},"modified":"2026-01-27T12:29:55","modified_gmt":"2026-01-27T12:29:55","slug":"news-2","status":"publish","type":"page","link":"https:\/\/www.unpm.mr\/ft\/news-2\/","title":{"rendered":"News"},"content":{"rendered":"<table class=\"texted-defillet\" border=\"0\" width=\"100%\" cellspacing=\"1\" cellpadding=\"0\">\n<tbody>\n<tr>\n<td>\n<table class=\"texted-defillet\" border=\"0\" width=\"100%\" cellspacing=\"0\" cellpadding=\"2\">\n<tbody>\n<tr>\n<td width=\"100%\">\n<p align=\"justify\">\n<\/td>\n<\/tr>\n<tr>\n<td>\n<table class=\"texted-defillet\" border=\"0\" width=\"100%\" align=\"center\">\n<tbody>\n<tr>\n<td>\n<div><span style=\"font-size: small;\">La F\u00e9d\u00e9ration Mauritanienne de Tourisme participe chaque ann\u00e9e \u00e0 diff\u00e9rents \u00e9v\u00e9nements et salons internationaux notamment\u00a0:<\/span><\/div>\n<div><\/div>\n<div><span style=\"font-size: small;\">Les salons du MAP (monde \u00e0 Paris)<\/span><\/div>\n<p><span style=\"font-size: small;\">TOP RESA de Paris, FITUR de Madrid, UTB de Berlin,\u00a0\u00a0\u00a0\u00a0\u00a0\u00a0\u00a0\u00a0 Salon de Marrakech ainsi que d\u2019autre \u00e9v\u00e9nement comme les expo universelles et \u00e9v\u00e9nement des F\u00e9d\u00e9rations Africaine et Arabe<\/span><\/td>\n<\/tr>\n<\/tbody>\n<\/table>\n<\/td>\n<\/tr>\n<\/tbody>\n<\/table>\n<\/td>\n<\/tr>\n<\/tbody>\n<\/table>\n","protected":false},"excerpt":{"rendered":"<p>La F\u00e9d\u00e9ration Mauritanienne de Tourisme participe chaque ann\u00e9e \u00e0 diff\u00e9rents \u00e9v\u00e9nements et salons internationaux notamment\u00a0: Les salons du MAP (monde \u00e0 Paris) TOP RESA de Paris, FITUR de Madrid, UTB de Berlin,\u00a0\u00a0\u00a0\u00a0\u00a0\u00a0\u00a0\u00a0 Salon de Marrakech ainsi que d\u2019autre \u00e9v\u00e9nement comme les expo universelles et \u00e9v\u00e9nement des F\u00e9d\u00e9rations Africaine et Arabe<\/p>\n","protected":false},"author":1,"featured_media":0,"parent":0,"menu_order":0,"comment_status":"closed","ping_status":"closed","template":"","meta":{"footnotes":""},"class_list":["post-19","page","type-page","status-publish","hentry"],"_links":{"self":[{"href":"https:\/\/www.unpm.mr\/ft\/wp-json\/wp\/v2\/pages\/19","targetHints":{"allow":["GET"]}}],"collection":[{"href":"https:\/\/www.unpm.mr\/ft\/wp-json\/wp\/v2\/pages"}],"about":[{"href":"https:\/\/www.unpm.mr\/ft\/wp-json\/wp\/v2\/types\/page"}],"author":[{"embeddable":true,"href":"https:\/\/www.unpm.mr\/ft\/wp-json\/wp\/v2\/users\/1"}],"replies":[{"embeddable":true,"href":"https:\/\/www.unpm.mr\/ft\/wp-json\/wp\/v2\/comments?post=19"}],"version-history":[{"count":1,"href":"https:\/\/www.unpm.mr\/ft\/wp-json\/wp\/v2\/pages\/19\/revisions"}],"predecessor-version":[{"id":20,"href":"https:\/\/www.unpm.mr\/ft\/wp-json\/wp\/v2\/pages\/19\/revisions\/20"}],"wp:attachment":[{"href":"https:\/\/www.unpm.mr\/ft\/wp-json\/wp\/v2\/media?parent=19"}],"curies":[{"name":"wp","href":"https:\/\/api.w.org\/{rel}","templated":true}]}}