{"id":51,"date":"2018-11-06T07:57:58","date_gmt":"2018-11-06T07:57:58","guid":{"rendered":"http:\/\/www.unpm.mr\/ft\/activites-de-la-federation\/"},"modified":"2026-01-27T12:29:55","modified_gmt":"2026-01-27T12:29:55","slug":"activites-de-la-federation","status":"publish","type":"page","link":"https:\/\/www.unpm.mr\/ft\/ar\/activites-de-la-federation\/","title":{"rendered":"\u0627\u0644\u0646\u0634\u0627\u0637\u0627\u062a"},"content":{"rendered":"<table class=\"texted-defillet\" border=\"0\" width=\"100%\" cellspacing=\"0\" cellpadding=\"2\">\n<tbody>\n<tr>\n<td width=\"100%\">\n<p align=\"justify\">\n<\/td>\n<\/tr>\n<tr>\n<td>\n<table class=\"texted-defillet\" border=\"0\" width=\"100%\" align=\"center\">\n<tbody>\n<tr>\n<td>\n<div><span style=\"font-size: small;\">La F\u00e9d\u00e9ration Mauritanienne de Tourisme est la structure de d\u00e9fense des int\u00e9r\u00eats et droits de tous ses membres et am\u00e9liorer la situation du secteur concern\u00e9.<\/span><\/div>\n<div><\/div>\n<div>\n<div><span style=\"font-size: small;\">Soutien aux membres, actions sur le secteur, lobbying aupr\u00e8s des pouvoirs publics et des partenaires au d\u00e9veloppement etc.\u2026<\/span><\/div>\n<\/div>\n<\/td>\n<\/tr>\n<\/tbody>\n<\/table>\n<\/td>\n<\/tr>\n<\/tbody>\n<\/table>\n","protected":false},"excerpt":{"rendered":"<p>La F\u00e9d\u00e9ration Mauritanienne de Tourisme est la structure de d\u00e9fense des int\u00e9r\u00eats et droits de tous ses membres et am\u00e9liorer la situation du secteur concern\u00e9. Soutien aux membres, actions sur le secteur, lobbying aupr\u00e8s des pouvoirs publics et des partenaires au d\u00e9veloppement etc.\u2026<\/p>\n","protected":false},"author":1,"featured_media":0,"parent":0,"menu_order":0,"comment_status":"closed","ping_status":"closed","template":"","meta":{"footnotes":""},"class_list":["post-51","page","type-page","status-publish","hentry"],"_links":{"self":[{"href":"https:\/\/www.unpm.mr\/ft\/wp-json\/wp\/v2\/pages\/51","targetHints":{"allow":["GET"]}}],"collection":[{"href":"https:\/\/www.unpm.mr\/ft\/wp-json\/wp\/v2\/pages"}],"about":[{"href":"https:\/\/www.unpm.mr\/ft\/wp-json\/wp\/v2\/types\/page"}],"author":[{"embeddable":true,"href":"https:\/\/www.unpm.mr\/ft\/wp-json\/wp\/v2\/users\/1"}],"replies":[{"embeddable":true,"href":"https:\/\/www.unpm.mr\/ft\/wp-json\/wp\/v2\/comments?post=51"}],"version-history":[{"count":1,"href":"https:\/\/www.unpm.mr\/ft\/wp-json\/wp\/v2\/pages\/51\/revisions"}],"predecessor-version":[{"id":52,"href":"https:\/\/www.unpm.mr\/ft\/wp-json\/wp\/v2\/pages\/51\/revisions\/52"}],"wp:attachment":[{"href":"https:\/\/www.unpm.mr\/ft\/wp-json\/wp\/v2\/media?parent=51"}],"curies":[{"name":"wp","href":"https:\/\/api.w.org\/{rel}","templated":true}]}}