{"id":53,"date":"2018-11-06T07:58:24","date_gmt":"2018-11-06T07:58:24","guid":{"rendered":"http:\/\/www.unpm.mr\/ft\/conditions-dadhesion\/"},"modified":"2026-01-27T12:29:55","modified_gmt":"2026-01-27T12:29:55","slug":"conditions-dadhesion","status":"publish","type":"page","link":"https:\/\/www.unpm.mr\/ft\/ar\/conditions-dadhesion\/","title":{"rendered":"\u0634\u0631\u0648\u0637 \u0627\u0644\u0639\u0636\u0648\u064a\u0629"},"content":{"rendered":"<table class=\"texted-defillet\" border=\"0\" width=\"100%\" cellspacing=\"0\" cellpadding=\"2\">\n<tbody>\n<tr>\n<td width=\"100%\">\n<p align=\"justify\">\n<\/td>\n<\/tr>\n<tr>\n<td>\n<table class=\"texted-defillet\" border=\"0\" width=\"100%\" align=\"center\">\n<tbody>\n<tr>\n<td>\n<div><span style=\"font-size: small;\">Pour l\u2019adh\u00e9sion \u00e0 la F\u00e9d\u00e9ration Mauritanienne de Tourisme il faut obligatoirement \u00eatre agr\u00e9e par les autorit\u00e9s comp\u00e9tentes\u00a0; pr\u00e9senter une demande d\u2019adh\u00e9sion et s\u2019acquitter de la cotisation annuelle.<\/span><\/div>\n<\/td>\n<\/tr>\n<\/tbody>\n<\/table>\n<\/td>\n<\/tr>\n<\/tbody>\n<\/table>\n","protected":false},"excerpt":{"rendered":"<p>Pour l\u2019adh\u00e9sion \u00e0 la F\u00e9d\u00e9ration Mauritanienne de Tourisme il faut obligatoirement \u00eatre agr\u00e9e par les autorit\u00e9s comp\u00e9tentes\u00a0; pr\u00e9senter une demande d\u2019adh\u00e9sion et s\u2019acquitter de la cotisation annuelle.<\/p>\n","protected":false},"author":1,"featured_media":0,"parent":0,"menu_order":0,"comment_status":"closed","ping_status":"closed","template":"","meta":{"footnotes":""},"class_list":["post-53","page","type-page","status-publish","hentry"],"_links":{"self":[{"href":"https:\/\/www.unpm.mr\/ft\/wp-json\/wp\/v2\/pages\/53","targetHints":{"allow":["GET"]}}],"collection":[{"href":"https:\/\/www.unpm.mr\/ft\/wp-json\/wp\/v2\/pages"}],"about":[{"href":"https:\/\/www.unpm.mr\/ft\/wp-json\/wp\/v2\/types\/page"}],"author":[{"embeddable":true,"href":"https:\/\/www.unpm.mr\/ft\/wp-json\/wp\/v2\/users\/1"}],"replies":[{"embeddable":true,"href":"https:\/\/www.unpm.mr\/ft\/wp-json\/wp\/v2\/comments?post=53"}],"version-history":[{"count":2,"href":"https:\/\/www.unpm.mr\/ft\/wp-json\/wp\/v2\/pages\/53\/revisions"}],"predecessor-version":[{"id":70,"href":"https:\/\/www.unpm.mr\/ft\/wp-json\/wp\/v2\/pages\/53\/revisions\/70"}],"wp:attachment":[{"href":"https:\/\/www.unpm.mr\/ft\/wp-json\/wp\/v2\/media?parent=53"}],"curies":[{"name":"wp","href":"https:\/\/api.w.org\/{rel}","templated":true}]}}