{"id":59,"date":"2018-11-06T07:58:49","date_gmt":"2018-11-06T07:58:49","guid":{"rendered":"http:\/\/www.unpm.mr\/ft\/organes\/"},"modified":"2026-01-27T12:29:55","modified_gmt":"2026-01-27T12:29:55","slug":"organes","status":"publish","type":"page","link":"https:\/\/www.unpm.mr\/ft\/ar\/organes\/","title":{"rendered":"\u0627\u0644\u0647\u064a\u0643\u0644 \u0627\u0644\u062a\u0646\u0638\u064a\u0645\u064a"},"content":{"rendered":"<table class=\"texted-defillet\" border=\"0\" width=\"100%\" cellspacing=\"1\" cellpadding=\"0\">\n<tbody>\n<tr>\n<td>\n<table class=\"texted-defillet\" border=\"0\" width=\"100%\" cellspacing=\"0\" cellpadding=\"2\">\n<tbody>\n<tr>\n<td width=\"100%\">\n<p align=\"justify\">\n<\/td>\n<\/tr>\n<tr>\n<td>\n<table class=\"texted-defillet\" border=\"0\" width=\"100%\" align=\"center\">\n<tbody>\n<tr>\n<td>\n<div><span style=\"font-size: small;\">La F\u00e9d\u00e9ration Mauritanienne du Tourisme est constitu\u00e9 de\u00a0:<\/span><\/div>\n<div><span style=\"font-size: small;\">&#8211; Un Bureau National ou si\u00e8ge tout les repr\u00e9sentant au niveau National et \u00e9lu pour un mandat de 3 ans.<\/span><\/div>\n<div><span style=\"font-size: small;\">&#8211; 5 sections r\u00e9gionales \u00e9lues lui aussi pour le m\u00eame mandat.<\/span><\/div>\n<\/td>\n<\/tr>\n<\/tbody>\n<\/table>\n<\/td>\n<\/tr>\n<\/tbody>\n<\/table>\n<\/td>\n<\/tr>\n<\/tbody>\n<\/table>\n","protected":false},"excerpt":{"rendered":"<p>La F\u00e9d\u00e9ration Mauritanienne du Tourisme est constitu\u00e9 de\u00a0: &#8211; Un Bureau National ou si\u00e8ge tout les repr\u00e9sentant au niveau National et \u00e9lu pour un mandat de 3 ans. &#8211; 5 sections r\u00e9gionales \u00e9lues lui aussi pour le m\u00eame mandat.<\/p>\n","protected":false},"author":1,"featured_media":0,"parent":0,"menu_order":0,"comment_status":"closed","ping_status":"closed","template":"","meta":{"footnotes":""},"class_list":["post-59","page","type-page","status-publish","hentry"],"_links":{"self":[{"href":"https:\/\/www.unpm.mr\/ft\/wp-json\/wp\/v2\/pages\/59","targetHints":{"allow":["GET"]}}],"collection":[{"href":"https:\/\/www.unpm.mr\/ft\/wp-json\/wp\/v2\/pages"}],"about":[{"href":"https:\/\/www.unpm.mr\/ft\/wp-json\/wp\/v2\/types\/page"}],"author":[{"embeddable":true,"href":"https:\/\/www.unpm.mr\/ft\/wp-json\/wp\/v2\/users\/1"}],"replies":[{"embeddable":true,"href":"https:\/\/www.unpm.mr\/ft\/wp-json\/wp\/v2\/comments?post=59"}],"version-history":[{"count":1,"href":"https:\/\/www.unpm.mr\/ft\/wp-json\/wp\/v2\/pages\/59\/revisions"}],"predecessor-version":[{"id":60,"href":"https:\/\/www.unpm.mr\/ft\/wp-json\/wp\/v2\/pages\/59\/revisions\/60"}],"wp:attachment":[{"href":"https:\/\/www.unpm.mr\/ft\/wp-json\/wp\/v2\/media?parent=59"}],"curies":[{"name":"wp","href":"https:\/\/api.w.org\/{rel}","templated":true}]}}