{"id":61,"date":"2018-11-06T07:57:48","date_gmt":"2018-11-06T07:57:48","guid":{"rendered":"http:\/\/www.unpm.mr\/ft\/partenaires-de-la-federation\/"},"modified":"2026-01-27T12:29:55","modified_gmt":"2026-01-27T12:29:55","slug":"partenaires-de-la-federation","status":"publish","type":"page","link":"https:\/\/www.unpm.mr\/ft\/ar\/partenaires-de-la-federation\/","title":{"rendered":"\u0627\u0644\u0634\u0631\u0643\u0627\u0621"},"content":{"rendered":"<table class=\"texted-defillet\" border=\"0\" width=\"100%\" cellspacing=\"0\" cellpadding=\"2\">\n<tbody>\n<tr>\n<td width=\"100%\"><\/td>\n<\/tr>\n<tr>\n<td>\n<table class=\"texted-defillet\" border=\"0\" width=\"100%\" align=\"center\">\n<tbody>\n<tr>\n<td>\n<div><span style=\"font-size: small;\">&#8211; Minist\u00e8re du Commerce, de l\u2019Artisanat et Tourisme.<\/span><\/div>\n<div><span style=\"font-size: small;\">&#8211; La F\u00e9d\u00e9ration Mauritanienne de Tourisme est membre de la F\u00e9d\u00e9ration de l\u2019Afrique de l\u2019Ouest et du centre des Agences de voyage (FISAVET)\u00a0;<\/span><\/div>\n<div><span style=\"font-size: small;\">est membre de la F\u00e9d\u00e9ration Arabe de Tourisme\u00a0et la F\u00e9d\u00e9ration internationale des Agences de voyage (FIAV)<\/span><\/div>\n<\/td>\n<\/tr>\n<\/tbody>\n<\/table>\n<\/td>\n<\/tr>\n<\/tbody>\n<\/table>\n","protected":false},"excerpt":{"rendered":"<p>&#8211; Minist\u00e8re du Commerce, de l\u2019Artisanat et Tourisme. &#8211; La F\u00e9d\u00e9ration Mauritanienne de Tourisme est membre de la F\u00e9d\u00e9ration de l\u2019Afrique de l\u2019Ouest et du centre des Agences de voyage (FISAVET)\u00a0; est membre de la F\u00e9d\u00e9ration Arabe de Tourisme\u00a0et la F\u00e9d\u00e9ration internationale des Agences de voyage (FIAV)<\/p>\n","protected":false},"author":1,"featured_media":0,"parent":0,"menu_order":0,"comment_status":"closed","ping_status":"closed","template":"","meta":{"footnotes":""},"class_list":["post-61","page","type-page","status-publish","hentry"],"_links":{"self":[{"href":"https:\/\/www.unpm.mr\/ft\/wp-json\/wp\/v2\/pages\/61","targetHints":{"allow":["GET"]}}],"collection":[{"href":"https:\/\/www.unpm.mr\/ft\/wp-json\/wp\/v2\/pages"}],"about":[{"href":"https:\/\/www.unpm.mr\/ft\/wp-json\/wp\/v2\/types\/page"}],"author":[{"embeddable":true,"href":"https:\/\/www.unpm.mr\/ft\/wp-json\/wp\/v2\/users\/1"}],"replies":[{"embeddable":true,"href":"https:\/\/www.unpm.mr\/ft\/wp-json\/wp\/v2\/comments?post=61"}],"version-history":[{"count":1,"href":"https:\/\/www.unpm.mr\/ft\/wp-json\/wp\/v2\/pages\/61\/revisions"}],"predecessor-version":[{"id":62,"href":"https:\/\/www.unpm.mr\/ft\/wp-json\/wp\/v2\/pages\/61\/revisions\/62"}],"wp:attachment":[{"href":"https:\/\/www.unpm.mr\/ft\/wp-json\/wp\/v2\/media?parent=61"}],"curies":[{"name":"wp","href":"https:\/\/api.w.org\/{rel}","templated":true}]}}